{"id":1064,"date":"2021-09-21T13:36:00","date_gmt":"2021-09-21T13:36:00","guid":{"rendered":"https:\/\/www.nonacapital.es\/?page_id=1064"},"modified":"2021-10-10T08:39:15","modified_gmt":"2021-10-10T08:39:15","slug":"real-estate","status":"publish","type":"page","link":"https:\/\/www.nonacapital.es\/es\/plataforma\/real-estate\/","title":{"rendered":"Real Estate"},"content":{"rendered":"<p>[vc_row][vc_column]<div id=\"fullwidth-block-69e8d92b6282d\" class=\"fullwidth-block clearfix\"  style=\"\"><script type=\"text\/javascript\">if (typeof(gem_fix_fullwidth_position) == \"function\") { gem_fix_fullwidth_position(document.getElementById(\"fullwidth-block-69e8d92b6282d\")); }<\/script><div class=\"fullwidth-block-background\" style=\"background-image: url(https:\/\/www.nonacapital.es\/wp-content\/uploads\/2021\/09\/fondo_realestate2.jpg);background-repeat: no-repeat; background-size: cover;background-position: center top;\"><\/div><div class=\"fullwidth-block-inner\"><div class=\"container\">[vc_row_inner css=&#8221;.vc_custom_1632467636870{padding-bottom: 100px !important;}&#8221;][vc_column_inner]<div class=\"clearboth\"><\/div><div class=\"gem-divider \" style=\"margin-top: 60px;\"><\/div>[vc_column_text css_animation=&#8221;bottom-to-top&#8221;]<\/p>\n<p style=\"text-align: justify;\"><strong>Amplia experiencia, s\u00f3lida trayectoria y capacidad demostrada<\/strong> para buscar, analizar y ejecutar transacciones oportunistas en mercados inmobiliarios como Espa\u00f1a, Portugal, Alemania y los mercados de Am\u00e9rica del Norte y del Sur.<\/p>\n<p>[\/vc_column_text][vc_column_text css_animation=&#8221;bottom-to-top&#8221;]<\/p>\n<p style=\"text-align: justify;\"><strong>Identificamos oportunidades de inversi\u00f3n para atender las nuevas tendencias de los mercados<\/strong> en una variedad de clases de activos para centrarse en diferentes verticales de inversi\u00f3n desde el sector <strong>residencial<\/strong> y <strong><em>hospitality<\/em><\/strong> <strong>oficinas<\/strong> y <strong>activos comerciales<\/strong> hasta <strong>activos log\u00edsticos,<\/strong> impulsados por una estructuraci\u00f3n y soluciones de financiaci\u00f3n innovadoras. La estrategia de inversi\u00f3n incluye la <strong>adquisici\u00f3n, estructuraci\u00f3n, desarrollo, gesti\u00f3n de activos y desinversi\u00f3n de activos y empresas inmobiliarias<\/strong>, lo que se traduce en una atractiva diversificaci\u00f3n y rentabilidad ajustada al riesgo para nuestros inversores, con el fin de generar valor sostenible a largo plazo.<\/p>\n<p style=\"text-align: justify;\">Adem\u00e1s, el sector inmobiliario es un importante consumidor de energ\u00eda, y por lo tanto un foco de esfuerzos de ahorro energ\u00e9tico para cumplir con la <strong>Agenda 2030<\/strong> y m\u00e1s all\u00e1, lo que crear\u00e1 una demanda relevante de <strong>reposicionamiento de edificios eficientes y sostenibles energ\u00e9ticamente<\/strong>, en el consumo de agua, la eficiencia energ\u00e9tica, el uso de energ\u00edas alternativas, la mejora de la calidad ambiental del interior, la selecci\u00f3n de materiales y la gesti\u00f3n de residuos en la construcci\u00f3n, entre otros.<\/p>\n<p style=\"text-align: justify;\">Proporcionamos una amplia gama de servicios, desde el asesoramiento, soluciones de financiaci\u00f3n garantizadas por activos y la gesti\u00f3n de activos que ayuda a los promotores, propietarios e inversores a integrar los criterios de sostenibilidad en los activos y carteras aplicando soluciones eficientes.<\/p>\n<p>[\/vc_column_text]<div class=\"clearboth\"><\/div><div class=\"gem-divider \" style=\"margin-top: 10px;\"><\/div>[\/vc_column_inner][\/vc_row_inner]<\/div><\/div><\/div>[\/vc_column][\/vc_row][vc_row][vc_column]<div class=\"clearboth\"><\/div><div class=\"gem-divider \" style=\"margin-top: 30px;\"><\/div>[\/vc_column][\/vc_row]<\/p>\n","protected":false},"excerpt":{"rendered":"<p>[vc_row][vc_column][\/vc_column][\/vc_row][vc_row][vc_column][\/vc_column][\/vc_row]<\/p>\n","protected":false},"author":1,"featured_media":0,"parent":1041,"menu_order":3,"comment_status":"closed","ping_status":"closed","template":"","meta":{"footnotes":""},"class_list":["post-1064","page","type-page","status-publish"],"_links":{"self":[{"href":"https:\/\/www.nonacapital.es\/es\/wp-json\/wp\/v2\/pages\/1064","targetHints":{"allow":["GET"]}}],"collection":[{"href":"https:\/\/www.nonacapital.es\/es\/wp-json\/wp\/v2\/pages"}],"about":[{"href":"https:\/\/www.nonacapital.es\/es\/wp-json\/wp\/v2\/types\/page"}],"author":[{"embeddable":true,"href":"https:\/\/www.nonacapital.es\/es\/wp-json\/wp\/v2\/users\/1"}],"replies":[{"embeddable":true,"href":"https:\/\/www.nonacapital.es\/es\/wp-json\/wp\/v2\/comments?post=1064"}],"version-history":[{"count":34,"href":"https:\/\/www.nonacapital.es\/es\/wp-json\/wp\/v2\/pages\/1064\/revisions"}],"predecessor-version":[{"id":1355,"href":"https:\/\/www.nonacapital.es\/es\/wp-json\/wp\/v2\/pages\/1064\/revisions\/1355"}],"up":[{"embeddable":true,"href":"https:\/\/www.nonacapital.es\/es\/wp-json\/wp\/v2\/pages\/1041"}],"wp:attachment":[{"href":"https:\/\/www.nonacapital.es\/es\/wp-json\/wp\/v2\/media?parent=1064"}],"curies":[{"name":"wp","href":"https:\/\/api.w.org\/{rel}","templated":true}]}}