{"id":1093,"date":"2021-09-23T14:04:19","date_gmt":"2021-09-23T14:04:19","guid":{"rendered":"https:\/\/www.nonacapital.es\/?page_id=1093"},"modified":"2021-10-10T08:37:59","modified_gmt":"2021-10-10T08:37:59","slug":"advisory","status":"publish","type":"page","link":"https:\/\/www.nonacapital.es\/es\/plataforma\/advisory\/","title":{"rendered":"Advisory"},"content":{"rendered":"<p>[vc_row][vc_column][vc_column_text]<\/p>\n<p style=\"text-align: justify;\">Para la <strong>adquisici\u00f3n<\/strong>, <strong>desinversi\u00f3n<\/strong>, <strong>en cr\u00e9dito y\/o en activos reales<\/strong>, nos aseguramos de preservar, identificando y mitigando los riesgos de la transacci\u00f3n.<\/p>\n<p style=\"text-align: justify;\">Gracias a nuestros equipos multidisciplinares, as\u00ed como nuestros diferentes <em>business partners,<\/em> ofrecemos a nuestros clientes un servicio integral en combinaci\u00f3n de s\u00f3lidos conocimientos financieros, comerciales y operativos en cada transacci\u00f3n.<\/p>\n<p>[\/vc_column_text]<div class=\"clearboth\"><\/div><div class=\"gem-divider \" style=\"margin-top: 60px;\"><\/div>[vc_column_text css_animation=&#8221;bottom-to-top&#8221;]<\/p>\n<div class=\"title-h3\" style=\"text-align: center;\"><span class=\"light\">Due<\/span> Diligence<\/div>\n<p>[\/vc_column_text]<div class=\"clearboth\"><\/div><div class=\"gem-divider \" style=\"margin-top: 40px;\"><\/div>[vc_column_text css_animation=&#8221;bottom-to-top&#8221;]<\/p>\n<p style=\"text-align: justify;\">Los servicios de <strong><em>due diligence<\/em> financiera<\/strong> se ofrecen para comprobar todos los aspectos relevantes de una posible transacci\u00f3n, ya sea en deuda y\/o en adquisiciones y desinversiones inmobiliarias. Nuestro equipo analiza y valida los posibles escenarios financieros, comerciales, operativos y estrat\u00e9gicos, teniendo en cuenta nuestra amplia experiencia en este \u00e1rea, para formar una visi\u00f3n de futuro y mitigar los riesgos inherentes a cada transacci\u00f3n.<\/p>\n<p style=\"text-align: justify;\">Asesoramos a instituciones financieras, plataformas, inversores y financiadores para la adquisici\u00f3n, gesti\u00f3n y desinversi\u00f3n de carteras de cr\u00e9dito e inmobiliarias.<\/p>\n<p style=\"text-align: justify;\">Los servicios incluyen diferentes clases de activos de <strong>cr\u00e9dito<\/strong> (pr\u00e9stamos con garant\u00eda real, <em>performing<\/em>, <em>sub-performing<\/em> y <em>non-performing<\/em>) y <strong>real estate<\/strong> (activos y carteras inmobiliarias de REOs)<\/p>\n<p>[\/vc_column_text][\/vc_column][\/vc_row][vc_row][vc_column]<div class=\"clearboth\"><\/div><div class=\"gem-divider custom-blue-divider align-center\" style=\"margin-top: 60px;margin-bottom: 30px;border-color: #116073;\"><\/div>[vc_column_text css_animation=&#8221;bottom-to-top&#8221;]<\/p>\n<div class=\"title-h3\" style=\"text-align: center;\"><span class=\"light\">Reestructuraci\u00f3n<\/span> Financiera<\/div>\n<p>[\/vc_column_text]<div class=\"clearboth\"><\/div><div class=\"gem-divider \" style=\"margin-top: 40px;\"><\/div>[vc_row_inner][vc_column_inner width=&#8221;1\/2&#8243;]<div class=\"clearboth\"><\/div><div class=\"gem-divider \" style=\"margin-top: 40px;\"><\/div><div class=\"gem-dropcap gem-dropcap-shape-circle gem-dropcap-style-medium\"><span class=\"gem-dropcap-letter\" style=\"color: #ffffff;background-color: #116073;\">U<\/span><\/div>[vc_column_text]<\/p>\n<p style=\"text-align: justify;\">na empresa en dificultades financieras, normalmente no puede atender su deuda financiera, incumpliendo como consecuencia los pactos y compromisos con sus acreedores.<\/p>\n<p style=\"text-align: justify;\">En estas situaciones complejas, los acreedores y prestamistas quieren proteger su posici\u00f3n con el objetivo de conseguir la estabilidad de la empresa. <strong>Somos especialistas que combinan el asesoramiento financiero estrat\u00e9gico y el profundo conocimiento del sector y del proceso<\/strong>, as\u00ed como de las diferentes motivaciones de los <em>stakeholders<\/em>. Les apoyamos en la creaci\u00f3n de un plan de acci\u00f3n para el <strong>proceso de reestructuraci\u00f3n financiera<\/strong> previo y posterior. Tambi\u00e9n proporcionamos asesoramiento financiero estrat\u00e9gico para la toma r\u00e1pida de decisiones, las <strong>negociaciones tanto con los prestatarios como con los prestamistas<\/strong>, la evaluaci\u00f3n de las necesidades de liquidez a corto plazo y la consideraci\u00f3n de acciones para preservar r\u00e1pidamente el valor.<\/p>\n<p style=\"text-align: justify;\"><strong>Somos asesores independientes <\/strong>y objetivos, que combinan un r\u00e1pido an\u00e1lisis estrat\u00e9gico sobre la situaci\u00f3n y la soluci\u00f3n. Identificamos las opciones de reestructuraci\u00f3n de la deuda adecuadas en t\u00e9rminos de valor para las diferentes partes interesadas, organizando y logrando la reestructuraci\u00f3n financiera.<\/p>\n<p>[\/vc_column_text][\/vc_column_inner][vc_column_inner width=&#8221;1\/2&#8243;][vc_single_image image=&#8221;1098&#8243; img_size=&#8221;full&#8221; alignment=&#8221;center&#8221; style=&#8221;vc_box_circle_2&#8243; css_animation=&#8221;rotateInUpLeft&#8221;][\/vc_column_inner][\/vc_row_inner][\/vc_column][\/vc_row]<\/p>\n","protected":false},"excerpt":{"rendered":"<p>[vc_row][vc_column][vc_column_text] Para la adquisici\u00f3n, desinversi\u00f3n, en cr\u00e9dito y\/o en activos reales, nos aseguramos de preservar, identificando y mitigando los riesgos&#8230;<\/p>\n","protected":false},"author":1,"featured_media":0,"parent":1041,"menu_order":0,"comment_status":"closed","ping_status":"closed","template":"","meta":{"footnotes":""},"class_list":["post-1093","page","type-page","status-publish"],"_links":{"self":[{"href":"https:\/\/www.nonacapital.es\/es\/wp-json\/wp\/v2\/pages\/1093","targetHints":{"allow":["GET"]}}],"collection":[{"href":"https:\/\/www.nonacapital.es\/es\/wp-json\/wp\/v2\/pages"}],"about":[{"href":"https:\/\/www.nonacapital.es\/es\/wp-json\/wp\/v2\/types\/page"}],"author":[{"embeddable":true,"href":"https:\/\/www.nonacapital.es\/es\/wp-json\/wp\/v2\/users\/1"}],"replies":[{"embeddable":true,"href":"https:\/\/www.nonacapital.es\/es\/wp-json\/wp\/v2\/comments?post=1093"}],"version-history":[{"count":14,"href":"https:\/\/www.nonacapital.es\/es\/wp-json\/wp\/v2\/pages\/1093\/revisions"}],"predecessor-version":[{"id":1356,"href":"https:\/\/www.nonacapital.es\/es\/wp-json\/wp\/v2\/pages\/1093\/revisions\/1356"}],"up":[{"embeddable":true,"href":"https:\/\/www.nonacapital.es\/es\/wp-json\/wp\/v2\/pages\/1041"}],"wp:attachment":[{"href":"https:\/\/www.nonacapital.es\/es\/wp-json\/wp\/v2\/media?parent=1093"}],"curies":[{"name":"wp","href":"https:\/\/api.w.org\/{rel}","templated":true}]}}