{"id":1223,"date":"2021-09-29T11:04:42","date_gmt":"2021-09-29T11:04:42","guid":{"rendered":"https:\/\/www.nonacapital.es\/?page_id=1223"},"modified":"2021-10-11T07:21:34","modified_gmt":"2021-10-11T07:21:34","slug":"inicio","status":"publish","type":"page","link":"https:\/\/www.nonacapital.es\/es\/","title":{"rendered":"Inicio"},"content":{"rendered":"<p>[vc_row css=&#8221;.vc_custom_1458892137522{margin-bottom: 0px !important;}&#8221;][vc_column css=&#8221;.vc_custom_1632916320067{margin-bottom: 0px !important;}&#8221;]<div id=\"fullwidth-block-69d25bddeec5d\" class=\"fullwidth-block clearfix\"  style=\"padding-bottom: 500px;\"><script type=\"text\/javascript\">if (typeof(gem_fix_fullwidth_position) == \"function\") { gem_fix_fullwidth_position(document.getElementById(\"fullwidth-block-69d25bddeec5d\")); }<\/script><div class=\"fullwidth-block-background\" style=\"background-image: url(https:\/\/www.nonacapital.es\/wp-content\/uploads\/2021\/10\/fondo_home-puente_nubes_ok.jpg);background-repeat: no-repeat; background-size: cover;background-position: center top;\"><\/div><div class=\"fullwidth-block-inner\"><div class=\"clearboth\"><\/div><div class=\"gem-divider visual-margin\" style=\"margin-top: 300px;\"><\/div>[vc_column_text]<\/p>\n<div class=\"custom-title-title \" style=\"text-align: center; margin-left: auto; margin-right: auto; margin-bottom: 15px;\">\n<div class=\"custom-title-rich\">\n<div class=\"title-h1\"><span style=\"color: #ffffff;\">Nona Capital<\/span><\/div>\n<\/div>\n<\/div>\n<div class=\"custom-title-excerpt styled-subtitle \" style=\"text-align: center; margin-left: auto; margin-right: auto; max-width: 500px; color: #ffffff;\">PLATAFORMA ALTERNATIVA DE IMPACTO EN CR\u00c9DITO Y REAL ESTATE<\/div>\n<p>[\/vc_column_text]<div class=\"clearboth\"><\/div><div class=\"gem-divider \" style=\"margin-top: 60px;\"><\/div><\/div><\/div>[\/vc_column][\/vc_row][vc_row equal_height=&#8221;yes&#8221;][vc_column]<div class=\"clearboth\"><\/div><div class=\"gem-divider \" style=\"margin-top: 125px;\"><\/div>[\/vc_column][\/vc_row][vc_row][vc_column width=&#8221;3\/6&#8243;][vc_column_text css=&#8221;.vc_custom_1632924086139{margin-top: -13px !important;}&#8221;]<\/p>\n<div class=\"title-h3\">NOSOTROS<\/div>\n<p>[\/vc_column_text]<div class=\"clearboth\"><\/div><div class=\"gem-divider custom-blue-divider\" style=\"margin-top: 25px;margin-bottom: 30px;border-color: #116073;\"><\/div>[vc_column_text]Somos una plataforma independiente de gesti\u00f3n de inversiones alternativas en cr\u00e9dito y real estate, comprometidos con la inversi\u00f3n responsable y con la misi\u00f3n de crear un impacto positivo en la industria de servicios financieros y en la sociedad.<\/p>\n<p>Contamos con una extensa experiencia y capacidad de ejecuci\u00f3n para trabajar en equipo junto a nuestros clientes, lo que nos permite alcanzar unos resultados mejores, mas r\u00e1pidos y m\u00e1s sostenibles.<\/p>\n<p>Establecemos relaciones empresariales a largo plazo, lo que nos proporciona la estabilidad y flexibilidad necesaria para navegar en un mundo cada vez m\u00e1s complejo y cambiante.<\/p>\n<p>Nos apalancamos en unos s\u00f3lidos principios, valores y cultura corporativa para alcanzar el verdadero \u00e9xito<br \/>\n[\/vc_column_text]<div class=\"clearboth\"><\/div><div class=\"gem-divider \" style=\"margin-top: 40px;\"><\/div>[\/vc_column][vc_column width=&#8221;1\/4&#8243;]<div class=\"lazy-loading\" data-ll-item-delay=\"0\"><div class=\"gem-textbox  lazy-loading-item\"  data-ll-effect=\"move-up\" ><div class=\"gem-textbox-inner\" style=\"border-top-left-radius: 70px;border-top-right-radius: 70px;border-bottom-right-radius: 70px;\"><div class=\"gem-textbox-content\" style=\"background-color: #ffffff;background-position: center top;padding-top: 40px;padding-bottom: 53px;padding-left: 40px;padding-right: 40px;\"><div class=\"gem-image gem-wrapbox gem-wrapbox-style-14 gem-wrapbox-position-right\"  style=\"width: 80px;height: 80px;\"><div class=\"gem-wrapbox-inner \" ><img decoding=\"async\" class=\"gem-wrapbox-element img-responsive\" src=\"https:\/\/www.nonacapital.es\/wp-content\/uploads\/2021\/09\/nosotros_home.jpg\" alt=\"\"\/><\/div><\/div><div class=\"clearboth\"><\/div><div class=\"gem-divider \" style=\"margin-top: 10px;\"><\/div>[vc_column_text]Tenemos pasi\u00f3n por los resultados alineados con el \u00e9xito de nuestros clientes, y un compromiso con el mas alto nivel de profesionalidad y est\u00e1ndares \u00e9ticos en todo lo que hacemos.<\/p>\n<p>[\/vc_column_text]<div class=\"clearboth\"><\/div><div class=\"gem-divider \" style=\"margin-top: 50px;\"><\/div><div class=\"gem-button-container gem-button-position-left thegem-button-69d25bddf00734406\" ><a title=\"Nuestros Valores\" class=\"gem-button gem-button-size-tiny gem-button-style-flat gem-button-text-weight-thin\" style=\"border-radius: 15px;background-color: #116073;color: #ffffff;\" onmouseleave=\"this.style.backgroundColor='#116073';this.style.color='#ffffff';\" onmouseenter=\"this.style.backgroundColor='#2c2e3d';this.style.color='#ffffff';\" href=\"https:\/\/www.nonacapital.es\/es\/nosotros\/nuestros-valores\/\" target=\"_self\">Nuestros Valores<\/a><\/div> <\/div><\/div><\/div><\/div>[\/vc_column][vc_column width=&#8221;1\/4&#8243;]<div class=\"lazy-loading\" data-ll-item-delay=\"0\"><div class=\"gem-textbox  lazy-loading-item\"  data-ll-effect=\"move-up\" ><div class=\"gem-textbox-inner\" style=\"border-top-left-radius: 70px;border-top-right-radius: 70px;border-bottom-right-radius: 70px;\"><div class=\"gem-textbox-content\" style=\"background-color: #ffffff;background-position: center top;padding-top: 40px;padding-bottom: 53px;padding-left: 40px;padding-right: 40px;\"><div class=\"gem-image gem-wrapbox gem-wrapbox-style-14 gem-wrapbox-position-right\"  style=\"width: 80px;height: 80px;\"><div class=\"gem-wrapbox-inner \" ><img decoding=\"async\" class=\"gem-wrapbox-element img-responsive\" src=\"https:\/\/www.nonacapital.es\/wp-content\/uploads\/2021\/09\/value_partners_home.jpg\" alt=\"\"\/><\/div><\/div><div class=\"clearboth\"><\/div><div class=\"gem-divider \" style=\"margin-top: 10px;\"><\/div>[vc_column_text]Nos mueve el esp\u00edritu de colaboraci\u00f3n con nuestros <em>stakeholders<\/em>. Sumamos m\u00e1s de 20 a\u00f1os de experiencia, estando comprometidos con la formaci\u00f3n y el desarrollo permanente del talento dentro de nuestra organizaci\u00f3n.[\/vc_column_text]<div class=\"gem-button-container gem-button-position-left thegem-button-69d25bddf12962561\" ><a title=\"Nuestros Valores\" class=\"gem-button gem-button-size-tiny gem-button-style-flat gem-button-text-weight-thin\" style=\"border-radius: 15px;background-color: #116073;color: #ffffff;\" onmouseleave=\"this.style.backgroundColor='#116073';this.style.color='#ffffff';\" onmouseenter=\"this.style.backgroundColor='#2c2e3d';this.style.color='#ffffff';\" href=\"https:\/\/www.nonacapital.es\/es\/nosotros\/value-partners\/\" target=\"_self\">Value Partners<\/a><\/div> <\/div><\/div><\/div><\/div>[\/vc_column][\/vc_row][vc_row full_width=&#8221;stretch_row_content_no_spaces&#8221; content_placement=&#8221;middle&#8221; css=&#8221;.vc_custom_1580302432101{margin-bottom: 0px !important;}&#8221; el_class=&#8221;z-index&#8221;][vc_column]<div id=\"fullwidth-block-69d25bddf12e7\" class=\"fullwidth-block clearfix\"  style=\"background-color: #116073;padding-top: 40px;padding-bottom: 50px;\"><script type=\"text\/javascript\">if (typeof(gem_fix_fullwidth_position) == \"function\") { gem_fix_fullwidth_position(document.getElementById(\"fullwidth-block-69d25bddf12e7\")); }<\/script><div class=\"fullwidth-block-inner\"><div class=\"container\">[vc_column_text css_animation=&#8221;bottom-to-top&#8221;]<\/p>\n<h3 style=\"text-align: center;\"><span style=\"color: #ffffff;\">PLATAFORMA<\/span><\/h3>\n<p>[\/vc_column_text]<div class=\"clearboth\"><\/div><div class=\"gem-divider \" style=\"margin-top: 50px;\"><\/div>[vc_column_text css_animation=&#8221;bottom-to-top&#8221;]<\/p>\n<p class=\"container\" style=\"text-align: justify;\"><span style=\"color: #ffffff;\">Empleamos un modelo de negocio altamente especializado, proporcionando a bancos, neobanks, direct lenders y alternative lenders un conjunto de datos y procesos alternativos para identificar nuevas tesis de financiaci\u00f3n, cualificando el riesgo, en un formato plug &amp; play en lel mercado institucional, as\u00ed como en la nueva gama de canales de originaci\u00f3n a trav\u00e9s de mercados API.<\/span><\/p>\n<p>[\/vc_column_text]<\/div><\/div><div class=\"fullwidth-bottom-marker marker-direction-outside\"><svg width=\"140\" height=\"70\" style=\"fill: #116073\"><path d=\"M 0,0 Q 65,5 70,70 Q 75,5 140,0\" \/><\/svg><\/div><\/div><div id=\"fullwidth-block-69d25bddf2430\" class=\"fullwidth-block fullwidth-block-parallax-vertical clearfix\" data-mobile-parallax-enable=\"0\" style=\"background-color: #2c2e3d;padding-top: 40px;padding-bottom: 50px;\"><script type=\"text\/javascript\">if (typeof(gem_fix_fullwidth_position) == \"function\") { gem_fix_fullwidth_position(document.getElementById(\"fullwidth-block-69d25bddf2430\")); }<\/script><div class=\"fullwidth-block-background\" style=\"background-image: url(https:\/\/www.nonacapital.es\/wp-content\/uploads\/2021\/09\/fondo_plataforma_home.jpg);background-repeat: no-repeat; background-size: cover;background-position: center center;\"><\/div><div class=\"fullwidth-block-inner\"><div class=\"container\"><div class=\"quickfinder quickfinder-style-classic row inline-row quickfinder-icon-position-top quickfinder-alignment-center quickfinder-title-bold\" data-hover-icon-color=\"#ffffff\" data-hover-title-color=\"#ffffff\" data-hover-description-color=\"#ffffff\" data-hover-button-text-color=\"#ffffff\" data-hover-button-border-color=\"#ffffff\"><div id=\"post-231\" data-ll-finish-delay=\"200\" class=\"quickfinder-item inline-column col-md-3 col-xs-6 quickfinder-item-effect-simple icon-size-large quickfinder-box-style-solid lazy-loading post-231 thegem_qf_item type-thegem_qf_item status-publish\" data-ll-item-delay=\"0\"> <div class=\"quickfinder-item-box\" style=\"\"> <div class=\"quickfinder-item-inner\"> <div class=\"quickfinder-item-image\"> <div class=\"quickfinder-item-image-content lazy-loading-item\" data-ll-item-delay=\"0\" data-ll-effect=\"clip\"> <div class=\"quickfinder-item-image-wrapper\"> <div class=\"gem-icon gem-icon-pack-fontawesome gem-icon-size-large gem-icon-shape-circle gem-simple-icon\" style=\"opacity: 1;\"><div class=\"gem-icon-inner\" style=\"\"><span class=\"gem-icon-half-1\" style=\"color: #ffffff;\"><span class=\"back-angle\">&#xf0ac;<\/span><\/span><span class=\"gem-icon-half-2\" style=\"color: #ffffff;\"><span class=\"back-angle\">&#xf0ac;<\/span><\/span><\/div><\/div> <\/div> <\/div> <\/div> <div class=\"quickfinder-item-info-wrapper\"> <div class=\"quickfinder-item-info lazy-loading-item\" data-ll-item-delay=\"200\" data-ll-effect=\"fading\"> <div class=\"quickfinder-item-title\" style=\"color: #fff;\">Embedded Finance<\/div> <div class=\"quickfinder-item-text\" style=\"color: #ffffff;\">La nueva ola de infraestructuras tecnol\u00f3gicas basadas en la nube y las interfaces de programaci\u00f3n de aplicaciones API nos permiten construir, configurar y gestionar la externalizaci\u00f3n de procesos de negocio (BPO) para la industria financiera.<\/div> <div class=\"gem-button-container gem-button-position-inline thegem-button-69d25bde04cb92254 quickfinder-button\" ><a class=\"gem-button gem-button-size-small gem-button-style-outline gem-button-text-weight-thin gem-button-border-2\" style=\"border-radius: 25px;border-color: #ffffff;color: #ffffff;\" onmouseleave=\"this.style.borderColor='#ffffff';this.style.color='#ffffff';\" onmouseenter=\"\" href=\"#\" target=\"_self\">Ver<\/a><\/div> <\/div> <\/div> <\/div> <\/div> <a href=\"\/es\/plataforma\/embedded-finance\/\" target=\"_self\" class=\"quickfinder-item-link\"><\/a> <\/div> <div id=\"post-1605\" data-ll-finish-delay=\"200\" class=\"quickfinder-item inline-column col-md-3 col-xs-6 quickfinder-item-effect-simple icon-size-large quickfinder-box-style-solid lazy-loading post-1605 thegem_qf_item type-thegem_qf_item status-publish\" data-ll-item-delay=\"0\"> <div class=\"quickfinder-item-box\" style=\"\"> <div class=\"quickfinder-item-inner\"> <div class=\"quickfinder-item-image\"> <div class=\"quickfinder-item-image-content lazy-loading-item\" data-ll-item-delay=\"0\" data-ll-effect=\"clip\"> <div class=\"quickfinder-item-image-wrapper\"> <div class=\"gem-icon gem-icon-pack-fontawesome gem-icon-size-large gem-icon-shape-circle gem-simple-icon\" style=\"opacity: 1;\"><div class=\"gem-icon-inner\" style=\"\"><span class=\"gem-icon-half-1\" style=\"color: #ffffff;\"><span class=\"back-angle\">&#xf09d;<\/span><\/span><span class=\"gem-icon-half-2\" style=\"color: #ffffff;\"><span class=\"back-angle\">&#xf09d;<\/span><\/span><\/div><\/div> <\/div> <\/div> <\/div> <div class=\"quickfinder-item-info-wrapper\"> <div class=\"quickfinder-item-info lazy-loading-item\" data-ll-item-delay=\"200\" data-ll-effect=\"fading\"> <div class=\"quickfinder-item-title\" style=\"color: #fff;\">Cr\u00e9dito<\/div> <div class=\"quickfinder-item-text\" style=\"color: #ffffff;\">El mercado de cr\u00e9dito tiene una enorme dimensi\u00f3n, est\u00e1 en crecimiento y en constante transformaci\u00f3n, y donde los bancos tradicionales han limitado su cobertura a proyectos y situaciones especiales.<\/div> <div class=\"gem-button-container gem-button-position-inline thegem-button-69d25bde052251732 quickfinder-button\" ><a class=\"gem-button gem-button-size-small gem-button-style-outline gem-button-text-weight-thin gem-button-border-2\" style=\"border-radius: 25px;border-color: #ffffff;color: #ffffff;\" onmouseleave=\"this.style.borderColor='#ffffff';this.style.color='#ffffff';\" onmouseenter=\"\" href=\"#\" target=\"_self\">More<\/a><\/div> <\/div> <\/div> <\/div> <\/div> <a href=\"\/es\/plataforma\/credito\/\" target=\"_self\" class=\"quickfinder-item-link\"><\/a> <\/div> <div id=\"post-1281\" data-ll-finish-delay=\"200\" class=\"quickfinder-item inline-column col-md-3 col-xs-6 quickfinder-item-effect-simple icon-size-large quickfinder-box-style-solid lazy-loading post-1281 thegem_qf_item type-thegem_qf_item status-publish\" data-ll-item-delay=\"0\"> <div class=\"quickfinder-item-box\" style=\"\"> <div class=\"quickfinder-item-inner\"> <div class=\"quickfinder-item-image\"> <div class=\"quickfinder-item-image-content lazy-loading-item\" data-ll-item-delay=\"0\" data-ll-effect=\"clip\"> <div class=\"quickfinder-item-image-wrapper\"> <div class=\"gem-icon gem-icon-pack-fontawesome gem-icon-size-large gem-icon-shape-circle gem-simple-icon\" style=\"opacity: 1;\"><div class=\"gem-icon-inner\" style=\"\"><span class=\"gem-icon-half-1\" style=\"color: #ffffff;\"><span class=\"back-angle\">&#xf0f7;<\/span><\/span><span class=\"gem-icon-half-2\" style=\"color: #ffffff;\"><span class=\"back-angle\">&#xf0f7;<\/span><\/span><\/div><\/div> <\/div> <\/div> <\/div> <div class=\"quickfinder-item-info-wrapper\"> <div class=\"quickfinder-item-info lazy-loading-item\" data-ll-item-delay=\"200\" data-ll-effect=\"fading\"> <div class=\"quickfinder-item-title\" style=\"color: #fff;\">Real Estate<\/div> <div class=\"quickfinder-item-text\" style=\"color: #ffffff;\">Amplia experiencia, s\u00f3lida trayectoria y capacidad demostrada para buscar, analizar y ejecutar transacciones oportunistas en las diferentes tipolog\u00edas de activos inmobiliarios y mercados.<\/div> <div class=\"gem-button-container gem-button-position-inline thegem-button-69d25bde05600597 quickfinder-button\" ><a class=\"gem-button gem-button-size-small gem-button-style-outline gem-button-text-weight-thin gem-button-border-2\" style=\"border-radius: 25px;border-color: #ffffff;color: #ffffff;\" onmouseleave=\"this.style.borderColor='#ffffff';this.style.color='#ffffff';\" onmouseenter=\"\" href=\"#\" target=\"_self\">Ver<\/a><\/div> <\/div> <\/div> <\/div> <\/div> <a href=\"\/es\/plataforma\/real-estate\/\" target=\"_self\" class=\"quickfinder-item-link\"><\/a> <\/div> <div id=\"post-1284\" data-ll-finish-delay=\"200\" class=\"quickfinder-item inline-column col-md-3 col-xs-6 quickfinder-item-effect-simple icon-size-large quickfinder-box-style-solid lazy-loading post-1284 thegem_qf_item type-thegem_qf_item status-publish\" data-ll-item-delay=\"0\"> <div class=\"quickfinder-item-box\" style=\"\"> <div class=\"quickfinder-item-inner\"> <div class=\"quickfinder-item-image\"> <div class=\"quickfinder-item-image-content lazy-loading-item\" data-ll-item-delay=\"0\" data-ll-effect=\"clip\"> <div class=\"quickfinder-item-image-wrapper\"> <div class=\"gem-icon gem-icon-pack-fontawesome gem-icon-size-large gem-icon-shape-circle gem-simple-icon\" style=\"opacity: 1;\"><div class=\"gem-icon-inner\" style=\"\"><span class=\"gem-icon-half-1\" style=\"color: #ffffff;\"><span class=\"back-angle\">&#xf06e;<\/span><\/span><span class=\"gem-icon-half-2\" style=\"color: #ffffff;\"><span class=\"back-angle\">&#xf06e;<\/span><\/span><\/div><\/div> <\/div> <\/div> <\/div> <div class=\"quickfinder-item-info-wrapper\"> <div class=\"quickfinder-item-info lazy-loading-item\" data-ll-item-delay=\"200\" data-ll-effect=\"fading\"> <div class=\"quickfinder-item-title\" style=\"color: #fff;\">Advisory<\/div> <div class=\"quickfinder-item-text\" style=\"color: #ffffff;\">Para la adquisici\u00f3n, gesti\u00f3n y desinversi\u00f3n de cr\u00e9dito y\/o activos inmobiliarios, nos aseguramos de maximizar la rentabilidad, identificando y mitigando los riesgos inherentes a cada transacci\u00f3n.<\/div> <div class=\"gem-button-container gem-button-position-inline thegem-button-69d25bde0597a3343 quickfinder-button\" ><a class=\"gem-button gem-button-size-small gem-button-style-outline gem-button-text-weight-thin gem-button-border-2\" style=\"border-radius: 25px;border-color: #ffffff;color: #ffffff;\" onmouseleave=\"this.style.borderColor='#ffffff';this.style.color='#ffffff';\" onmouseenter=\"\" href=\"#\" target=\"_self\">Ver<\/a><\/div> <\/div> <\/div> <\/div> <\/div> <a href=\"\/es\/plataforma\/advisory\/\" target=\"_self\" class=\"quickfinder-item-link\"><\/a> <\/div> <\/div><\/div><\/div><\/div>[\/vc_column][\/vc_row][vc_row full_width=&#8221;stretch_row_content&#8221; equal_height=&#8221;yes&#8221; css=&#8221;.vc_custom_1632928580645{margin-bottom: 0px !important;background: #2c2e3d url(https:\/\/www.nonacapital.es\/wp-content\/uploads\/2021\/09\/fondo_panxon.jpg?id=1115) !important;background-position: center !important;background-repeat: no-repeat !important;background-size: cover !important;}&#8221;][vc_column]<div class=\"clearboth\"><\/div><div class=\"gem-divider \" style=\"margin-top: 40px;\"><\/div>[vc_column_text]<\/p>\n<div class=\"title-h3\" style=\"text-align: center;\">RESPONSABILIDAD<\/div>\n<p>[\/vc_column_text]<div class=\"clearboth\"><\/div><div class=\"gem-divider \" style=\"margin-top: 40px;\"><\/div>[vc_column_text]<\/p>\n<p class=\"container\" style=\"text-align: justify;\">NONA Capital tiene como objetivo crear un impacto positivo en servicios de valor a\u00f1adido en la industria financiera y en la sociedad en su conjunto, promoviendo practicas responsables, eticas y sostenibles en todo lo que hacemos.<\/p>\n<p class=\"container\" style=\"text-align: justify;\">Tenemos en cuenta los criterios ambientales, sociales y de gobierno corporativo (ASG), asi como lo parametros de sostenibilidad para analizar el potencial de las inversiones mediante la aplicacion de las mejores practicas del mercado en todas las etapas del ciclo de vida de la inversion, nuestras operaciones y nuestra cultura, creando desarrollo econ\u00f3mico y social para el sector donde operamos.<\/p>\n<p>[\/vc_column_text]<div class=\"clearboth\"><\/div><div class=\"gem-divider \" style=\"margin-top: -75px;\"><\/div><div class=\"gem-textbox \"  ><div class=\"gem-textbox-inner\" style=\"\"><div class=\"gem-textbox-content\" style=\"background-position: center top;\"><div class=\"gem-alert-box centered-box\"><div class=\"gem-alert-inner\"><div class=\"gem-alert-box-content\"><\/div><div class=\"gem-alert-box-buttons\"><div class=\"gem-button-container gem-button-position-inline thegem-button-69d25bde05c639038\" ><a title=\"Responsabilidad\" class=\"gem-button gem-button-size-small gem-button-style-outline gem-button-text-weight-normal gem-button-border-3\" style=\"border-radius: 30px;border-color: #116073;color: #116073;\" onmouseleave=\"this.style.borderColor='#116073';this.style.backgroundColor='transparent';this.style.color='#116073';\" onmouseenter=\"this.style.borderColor='#3c3950';this.style.backgroundColor='#3c3950';this.style.color='#ffffff';\" href=\"https:\/\/www.nonacapital.es\/es\/responsabilidad\/\" target=\"_self\">Saber M\u00e1s...<\/a><\/div> <\/div><\/div><\/div><\/div><\/div><\/div>[\/vc_column][\/vc_row]<\/p>\n","protected":false},"excerpt":{"rendered":"<p>[vc_row css=&#8221;.vc_custom_1458892137522{margin-bottom: 0px !important;}&#8221;][vc_column css=&#8221;.vc_custom_1632916320067{margin-bottom: 0px !important;}&#8221;][\/vc_column][\/vc_row][vc_row equal_height=&#8221;yes&#8221;][vc_column][\/vc_column][\/vc_row][vc_row][vc_column width=&#8221;3\/6&#8243;][vc_column_text css=&#8221;.vc_custom_1632924086139{margin-top: -13px !important;}&#8221;] NOSOTROS [\/vc_column_text][vc_column_text]Somos una plataforma independiente de gesti\u00f3n de&#8230;<\/p>\n","protected":false},"author":1,"featured_media":0,"parent":0,"menu_order":0,"comment_status":"closed","ping_status":"closed","template":"","meta":{"footnotes":""},"class_list":["post-1223","page","type-page","status-publish"],"_links":{"self":[{"href":"https:\/\/www.nonacapital.es\/es\/wp-json\/wp\/v2\/pages\/1223","targetHints":{"allow":["GET"]}}],"collection":[{"href":"https:\/\/www.nonacapital.es\/es\/wp-json\/wp\/v2\/pages"}],"about":[{"href":"https:\/\/www.nonacapital.es\/es\/wp-json\/wp\/v2\/types\/page"}],"author":[{"embeddable":true,"href":"https:\/\/www.nonacapital.es\/es\/wp-json\/wp\/v2\/users\/1"}],"replies":[{"embeddable":true,"href":"https:\/\/www.nonacapital.es\/es\/wp-json\/wp\/v2\/comments?post=1223"}],"version-history":[{"count":77,"href":"https:\/\/www.nonacapital.es\/es\/wp-json\/wp\/v2\/pages\/1223\/revisions"}],"predecessor-version":[{"id":1693,"href":"https:\/\/www.nonacapital.es\/es\/wp-json\/wp\/v2\/pages\/1223\/revisions\/1693"}],"wp:attachment":[{"href":"https:\/\/www.nonacapital.es\/es\/wp-json\/wp\/v2\/media?parent=1223"}],"curies":[{"name":"wp","href":"https:\/\/api.w.org\/{rel}","templated":true}]}}