{"id":1306,"date":"2021-10-04T09:33:37","date_gmt":"2021-10-04T09:33:37","guid":{"rendered":"https:\/\/www.nonacapital.es\/?page_id=1306"},"modified":"2021-10-10T15:58:15","modified_gmt":"2021-10-10T15:58:15","slug":"aviso-legal","status":"publish","type":"page","link":"https:\/\/www.nonacapital.es\/es\/aviso-legal\/","title":{"rendered":"Aviso Legal"},"content":{"rendered":"<p>[vc_row][vc_column]<div class=\"clearboth\"><\/div><div class=\"gem-divider \" style=\"margin-top: 60px;\"><\/div>[vc_column_text css_animation=&#8221;bottom-to-top&#8221;]<\/p>\n<div class=\"title-h3\" style=\"text-align: center;\"><span class=\"light\">AVISO <\/span> LEGAL<\/div>\n<p>[\/vc_column_text]<div class=\"clearboth\"><\/div><div class=\"gem-divider \" style=\"margin-top: 60px;\"><\/div>[vc_column_text css_animation=&#8221;bottom-to-top&#8221;]<\/p>\n<p style=\"text-align: justify;\">En virtud de lo dispuesto en el art\u00edculo 10 de la Ley 34\/2002 de Servicios de la Sociedad de la Informaci\u00f3n (LSSICE), informamos al usuario que <strong>www.nonacapital.es<\/strong>, es un dominio en Internet, que contiene un portal o p\u00e1gina web, cuya titularidad es de <strong>NONA CAPITAL, S.L.U.<\/strong><strong>,<\/strong> en adelante <strong>NONA CAPITAL <\/strong>inscrita en el Registro Mercantil de Madrid con los siguientes datos registrales:<\/p>\n<p><strong>NONA CAPITAL, S.L.U.<\/strong><br \/>\n<strong>CIF B-85034429<\/strong><br \/>\n<strong>Direcci\u00f3n C\/ Conde de Pe\u00f1alver, 47-1\u00ba. 28006 Madrid<\/strong><br \/>\n<strong>Inscrita en el Registro Mercantil de Madrid<\/strong>, <strong>Tomo: 24.023, \u00a0Folio: 155, hoja n\u00ba M-431500, inscripci\u00f3n 1\u00aa<\/strong><\/p>\n<h4>CONDICIONES DE USO<\/h4>\n<p style=\"text-align: justify;\"><strong>NONA CAPITAL <\/strong>en su empe\u00f1o de ofrecer a sus clientes la m\u00e1xima seguridad, de cara garantizar la confidencialidad de las tecnolog\u00edas de la informaci\u00f3n y las comunicaciones ,cumple de forma exhaustiva\u00a0 con los requisitos establecidos en la Ley 34\/2002, de 11 de julio, de Servicios de la Sociedad de la Informaci\u00f3n y Comercio Electr\u00f3nico, en el Reglamento (UE) 2016\/679 del Parlamento Europeo y del Consejo, de 27 de abril de 2016, relativo a la protecci\u00f3n de las personas f\u00edsicas en lo que respecta al tratamiento de datos personales y a la libre circulaci\u00f3n de estos datos, y dem\u00e1s directivas europeas, y a tal fin ha creado el siguiente Aviso Legal.<\/p>\n<p style=\"text-align: justify;\"><strong>NONA CAPITAL <\/strong>informa al usuario de que la utilizaci\u00f3n del portal, incluyendo el mero acceso, le atribuye la condici\u00f3n de Usuario. En ese sentido el Usuario se compromete a utilizar el portal de conformidad con la ley, el presente Aviso legal, reglamentos e instrucciones puestos en su conocimiento, as\u00ed como la moral, las buenas costumbres generalmente aceptadas y el orden p\u00fablico. Si el usuario no estuviera de acuerdo con cualquiera de las condiciones aqu\u00ed establecidas, no deber\u00e1 usar\/acceder a este portal.<\/p>\n<h4>Propiedad intelectual e industrial<\/h4>\n<p style=\"text-align: justify;\">Mediante el presente Aviso Legal no se produce la cesi\u00f3n de ning\u00fan derecho de propiedad intelectual o industrial sobre el sitio web ni sobre ninguno de sus elementos integrantes.<\/p>\n<p style=\"text-align: justify;\">Todos los Contenidos de la presente web, entendiendo por estos a t\u00edtulo meramente enunciativo los textos, fotograf\u00edas, gr\u00e1ficos, im\u00e1genes, iconos, tecnolog\u00eda, software, links y dem\u00e1s contenidos audiovisuales o sonoros, as\u00ed como su dise\u00f1o gr\u00e1fico y c\u00f3digos fuente, y los derechos de propiedad intelectual que pudieran corresponder a dichos contenidos, as\u00ed como todas las marcas, nombres comerciales o cualquier otro signo distintivo, son propiedad de <strong>NONA CAPITAL, S.L.U., <\/strong>o de sus leg\u00edtimos propietarios, quedando reservados todos los derechos sobre los mismos y sin que puedan entenderse cedidos al Usuario ninguno de los derechos de explotaci\u00f3n sobre los mismos, m\u00e1s all\u00e1 de lo estrictamente necesario para el correcto uso del Portal; se encuentran por tanto protegidos por la normativa de Propiedad Intelectual e Industrial, en particular por el R.D.L 1\/96 que aprueba el Texto Refundido de la Ley de Propiedad Intelectual y por la Ley de Marcas.<\/p>\n<p style=\"text-align: justify;\">Queda prohibido al Usuario cualquier acto de reproducci\u00f3n, transformaci\u00f3n, distribuci\u00f3n, comunicaci\u00f3n p\u00fablica, puesta a disposici\u00f3n, extracci\u00f3n, reutilizaci\u00f3n, reenv\u00edo o la utilizaci\u00f3n de cualquier naturaleza, por cualquier medio o procedimiento, de cualquiera de los Contenidos, salvo en los casos en que est\u00e9 legalmente permitido o sea autorizado por escrito por el titular de los correspondientes derechos.<\/p>\n<p style=\"text-align: justify;\"><strong>NONA CAPITAL<\/strong> no ser\u00e1 responsable bajo ning\u00fan concepto, de los da\u00f1os o perjuicios que pudieran derivarse de la utilizaci\u00f3n de los Contenidos por parte de los usuarios o de la infracci\u00f3n por parte de \u00e9stos de cualquier disposici\u00f3n legal vigente.<\/p>\n<h4>Contenidos<\/h4>\n<p style=\"text-align: justify;\">Queda reservado el derecho de <strong>NONA CAPITAL<\/strong> a efectuar sin previo aviso las modificaciones que considere oportunas en el portal, pudiendo cambiar, suprimir o a\u00f1adir tanto los contenidos y servicios que presta como la forma en la que \u00e9stos aparezcan presentados o localizados.<\/p>\n<p style=\"text-align: justify;\">El Usuario del portal se compromete a hacer un uso correcto del Portal y sus Contenidos de conformidad con la Ley y el presente Aviso Legal, y a no emplearlos para incurrir en actividades il\u00edcitas o contrarias a la buena fe y al ordenamiento legal, y a no provocar da\u00f1os en los sistemas f\u00edsicos y l\u00f3gicos de <strong>NONA CAPITAL<\/strong> de sus proveedores o de terceras personas.<\/p>\n<p style=\"text-align: justify;\">El Usuario responder\u00e1 frente <strong>NONA CAPITAL<\/strong> a <strong>\u00a0<\/strong>o frente a terceros, de cualesquiera da\u00f1os y perjuicios que pudieran causarse como consecuencia del incumplimiento de dicha obligaci\u00f3n.<\/p>\n<h4>EXCLUSI\u00d3N DE GARANT\u00cdAS Y RESPONSABILIDAD<\/h4>\n<h5><strong>1.- CONTINUIDAD DE LOS SERVICIOS<\/strong><\/h5>\n<p style=\"text-align: justify;\">El acceso al Portal requiere de servicios y suministros de terceros, incluidos el transporte a trav\u00e9s de redes de telecomunicaciones cuya fiabilidad, calidad, continuidad y funcionamiento no corresponde a <strong>NONA CAPITAL.<\/strong><\/p>\n<p style=\"text-align: justify;\">Por ello, <strong>NONA CAPITAL<\/strong> no garantiza la disponibilidad y continuidad del funcionamiento del Portal, los\u00a0 Servicios y\/o los Contenidos, no asumiendo ning\u00fan tipo de responsabilidad por los da\u00f1os y perjuicios de toda naturaleza que puedan deberse a la falta de dicha disponibilidad o de continuidad.<\/p>\n<h5><strong>2.- SEGURIDAD DEL PORTAL<\/strong><\/h5>\n<p style=\"text-align: justify;\"><strong>NONA CAPITAL<\/strong> adopta las medidas de seguridad razonablemente adecuadas, pero no puede garantizar la invulnerabilidad absoluta de los sistemas de seguridad del Portal y de los Servicios, ni puede garantizar la seguridad o inviolabilidad de dichos datos en su transmisi\u00f3n a trav\u00e9s de la red; el Usuario debe ser consciente de que las medidas de seguridad de los sistemas inform\u00e1ticos en Internet no son enteramente fiables.<\/p>\n<p style=\"text-align: justify;\">Se excluye, por tanto, toda responsabilidad por los da\u00f1os y perjuicios de todo tipo que pudieran deberse al conocimiento que pudieran tener terceros no autorizados de la clase, condiciones, caracter\u00edsticas y circunstancias de los usuarios del Portal, los Servicios y\/o los Contenidos.<\/p>\n<p style=\"text-align: justify;\"><strong>NONA CAPITAL<\/strong> no controla ni garantiza la ausencia de virus, gusanos, ni de otros elementos en los Contenidos que puedan producir alteraciones en su sistema inform\u00e1tico (hardware y software) o en los documentos electr\u00f3nicos y ficheros almacenados en su sistema inform\u00e1tico. Corresponde al Usuario, en todo caso, la disponibilidad de herramientas adecuadas para la detecci\u00f3n y desinfecci\u00f3n de programas inform\u00e1ticos da\u00f1inos.<\/p>\n<p style=\"text-align: justify;\"><strong>NONA CAPITAL<\/strong> excluye toda responsabilidad por los da\u00f1os y perjuicios de todo tipo que puedan deberse a la presencia de estos virus o elementos lesivos en los Contenidos.<\/p>\n<h5><strong>3.- EMPLEO POR EL USUARIO<\/strong><\/h5>\n<p style=\"text-align: justify;\"><strong>NONA CAPITAL<\/strong> no posee medio alguno para controlar la utilizaci\u00f3n que los usuarios hacen del Portal, los Servicios y\/o los Contenidos, por lo que no garantiza que el uso por parte de los mismos se haga conforme a la ley y a las presentes condiciones generales.<strong> NONA CAPITAL<\/strong> excluye cualquier responsabilidad por los da\u00f1os y perjuicios de todo tipo que puedan deberse a la utilizaci\u00f3n del Portal,\u00a0 los Servicios y los Contenidos por parte de los usuarios.<\/p>\n<h4>LEGISLACI\u00d3N APLICABLE<\/h4>\n<p style=\"text-align: justify;\">El presente Aviso Legal se rige en todos y cada uno de sus extremos por la Ley Espa\u00f1ola, renunciando expresamente las partes al fuero que les corresponda, y someti\u00e9ndose a los Juzgados y Tribunales de Madrid.<\/p>\n<p>[\/vc_column_text]<div class=\"clearboth\"><\/div><div class=\"gem-divider \" style=\"margin-top: 100px;\"><\/div>[\/vc_column][\/vc_row]<\/p>\n","protected":false},"excerpt":{"rendered":"<p>[vc_row][vc_column][vc_column_text css_animation=&#8221;bottom-to-top&#8221;] AVISO LEGAL [\/vc_column_text][vc_column_text css_animation=&#8221;bottom-to-top&#8221;] En virtud de lo dispuesto en el art\u00edculo 10 de la Ley 34\/2002 de&#8230;<\/p>\n","protected":false},"author":1,"featured_media":0,"parent":0,"menu_order":3,"comment_status":"closed","ping_status":"closed","template":"","meta":{"footnotes":""},"class_list":["post-1306","page","type-page","status-publish"],"_links":{"self":[{"href":"https:\/\/www.nonacapital.es\/es\/wp-json\/wp\/v2\/pages\/1306","targetHints":{"allow":["GET"]}}],"collection":[{"href":"https:\/\/www.nonacapital.es\/es\/wp-json\/wp\/v2\/pages"}],"about":[{"href":"https:\/\/www.nonacapital.es\/es\/wp-json\/wp\/v2\/types\/page"}],"author":[{"embeddable":true,"href":"https:\/\/www.nonacapital.es\/es\/wp-json\/wp\/v2\/users\/1"}],"replies":[{"embeddable":true,"href":"https:\/\/www.nonacapital.es\/es\/wp-json\/wp\/v2\/comments?post=1306"}],"version-history":[{"count":7,"href":"https:\/\/www.nonacapital.es\/es\/wp-json\/wp\/v2\/pages\/1306\/revisions"}],"predecessor-version":[{"id":1611,"href":"https:\/\/www.nonacapital.es\/es\/wp-json\/wp\/v2\/pages\/1306\/revisions\/1611"}],"wp:attachment":[{"href":"https:\/\/www.nonacapital.es\/es\/wp-json\/wp\/v2\/media?parent=1306"}],"curies":[{"name":"wp","href":"https:\/\/api.w.org\/{rel}","templated":true}]}}