{"id":1322,"date":"2021-10-04T13:36:20","date_gmt":"2021-10-04T13:36:20","guid":{"rendered":"https:\/\/www.nonacapital.es\/?page_id=1322"},"modified":"2021-10-11T07:03:57","modified_gmt":"2021-10-11T07:03:57","slug":"politica-cookies","status":"publish","type":"page","link":"https:\/\/www.nonacapital.es\/es\/politica-cookies\/","title":{"rendered":"Politica Cookies"},"content":{"rendered":"<p>[vc_row][vc_column]<div class=\"clearboth\"><\/div><div class=\"gem-divider \" style=\"margin-top: 60px;\"><\/div>[vc_column_text css_animation=&#8221;bottom-to-top&#8221;]<\/p>\n<div class=\"title-h3\" style=\"text-align: center;\"><span class=\"light\">POL\u00cdTICA DE <\/span> COOKIES<\/div>\n<p>[\/vc_column_text]<div class=\"clearboth\"><\/div><div class=\"gem-divider \" style=\"margin-top: 60px;\"><\/div>[vc_column_text css_animation=&#8221;bottom-to-top&#8221;]<\/p>\n<h4>1.- \u00bfQU\u00c9 ES UNA COOKIE?<\/h4>\n<p style=\"text-align: justify;\">Una cookie es un archivo o dispositivo que se descarga en el ordenador, tableta o m\u00f3vil cuando el usuario navega en Internet, con la finalidad de almacenar datos que podr\u00e1n ser actualizados y recuperados por la entidad responsable de su instalaci\u00f3n.<\/p>\n<p style=\"text-align: justify;\">La primera finalidad de las Cookies es la de facilitar al Usuario un acceso m\u00e1s r\u00e1pido a los Servicios seleccionados. Adem\u00e1s, las Cookies personalizan los servicios que ofrece la Web, facilitando y ofreciendo a cada Usuario informaci\u00f3n que es de su inter\u00e9s o que puede ser de su inter\u00e9s, en atenci\u00f3n al uso que realiza de los servicios.<\/p>\n<p style=\"text-align: justify;\">La Web utiliza Cookies para personalizar y facilitar al m\u00e1ximo la navegaci\u00f3n del Usuario. Las Cookies se asocian \u00fanicamente a un Usuario an\u00f3nimo y su ordenador y no proporcionan referencias que permitan deducir datos personales del Usuario. El Usuario podr\u00e1 configurar su navegador para que notifique y rechace la instalaci\u00f3n de las Cookies enviadas por la Web, sin que ello perjudique la posibilidad del Usuario de acceder a los Contenidos. Sin embargo debe tener en cuenta, en todo caso, que la calidad de funcionamiento de la p\u00e1gina Web puede disminuir.<\/p>\n<h4>2.- . NUESTRA POL\u00cdTICA SOBRE COOKIES<\/h4>\n<p style=\"text-align: justify;\">Para utilizar este sitio web al completo el usuario deber\u00e1 aceptar las cookies ya que muchas funcionalidades online han sido dise\u00f1adas espec\u00edficamente para funcionar por medio del uso de cookies. Es importante se\u00f1alar que las cookies que se han instalado por medio de este sitio web no guardan informaci\u00f3n de car\u00e1cter personal suya o datos sensibles.<\/p>\n<p style=\"text-align: justify;\"><strong>A continuaci\u00f3n, se realiza una clasificaci\u00f3n de las cookies en funci\u00f3n de una serie de categor\u00edas.<\/strong> No obstante es necesario tener en cuenta que una misma cookie puede estar incluida en m\u00e1s de una categor\u00eda.<\/p>\n<p style=\"text-align: justify;\"><strong>a) TIPOS DE COOKIES SEG\u00daN LA ENTIDAD QUE LAS GESTIONE<\/strong><\/p>\n<p style=\"text-align: justify;\">Seg\u00fan quien sea la entidad que gestione el equipo o dominio desde donde se env\u00edan las cookies y trate los datos que se obtengan, podemos distinguir:<\/p>\n<ul>\n<li><strong>Cookies propias: <\/strong>Son aqu\u00e9llas que se env\u00edan al equipo terminal del usuario Desde un equipo o dominio gestionado por el propio editor y desde el que se presta el servicio solicitado por el usuario.<\/li>\n<\/ul>\n<ul>\n<li><strong>Cookies de tercero:<\/strong> Son aqu\u00e9llas que se env\u00edan al equipo terminal del usuario desde un equipo o dominio que no es gestionado por el editor, sino por otra\u00a0 entidad que trata los datos obtenidos trav\u00e9s de las cookies.<\/li>\n<\/ul>\n<p style=\"text-align: justify;\">En el caso de que las cookies sean instaladas desde un equipo o dominio gestionado por el propio editor pero la informaci\u00f3n que se recoja mediante \u00e9stas sea gestionada por un tercero, no pueden ser consideradas como cookies propias.<\/p>\n<p style=\"text-align: justify;\"><strong>b) TIPOS DE COOKIES SEG\u00daN EL PLAZO DE TIEMPO QUE PERMANECEN ACTIVADAS<\/strong><\/p>\n<p style=\"text-align: justify;\">Seg\u00fan el plazo de tiempo que permanecen activadas en el equipo terminal podemos distinguir:<\/p>\n<ul>\n<li><strong>Cookies de sesi\u00f3n:<\/strong> Son un tipo de cookies dise\u00f1adas para recabar y almacenar datos mientras el usuario accede a una p\u00e1gina web.<\/li>\n<\/ul>\n<p>Se suelen emplear para almacenar informaci\u00f3n que solo interesa conservar para la prestaci\u00f3n del servicio solicitado por el usuario en una sola ocasi\u00f3n (p.e. una lista de productos adquiridos).<\/p>\n<ul>\n<li><strong>Cookies persistentes:<\/strong> Son un tipo de cookies en el que los datos siguen almacenados en el terminal y pueden ser accedidos y tratados durante un periodo definido por el responsable de la cookie, y que puede ir de unos minutos a varios a\u00f1os.<\/li>\n<\/ul>\n<p style=\"text-align: justify;\"><strong>c) TIPOS DE COOKIES SEG\u00daN SU FINALIDAD<\/strong><\/p>\n<p style=\"text-align: justify;\">Seg\u00fan la finalidad para la que se traten los datos obtenidos a trav\u00e9s de las cookies, podemos distinguir entre:<\/p>\n<ul>\n<li><strong>Cookies t\u00e9cnicas:<\/strong> Son aqu\u00e9llas que permiten al usuario la navegaci\u00f3n a trav\u00e9s de una p\u00e1gina web, plataforma o aplicaci\u00f3n y la utilizaci\u00f3n de las diferentes opciones o servicios que en ella existan como, por ejemplo, controlar el tr\u00e1fico y la comunicaci\u00f3n de datos, identificar la sesi\u00f3n, acceder a partes de acceso restringido, recordar los elementos que integran un pedido, realizar el proceso de compra de un pedido, realizar la solicitud de inscripci\u00f3n o participaci\u00f3n en un evento, utilizar elementos de seguridad durante la navegaci\u00f3n, almacenar contenidos para la difusi\u00f3n de videos o sonido o compartir contenidos a trav\u00e9s de redes sociales.<\/li>\n<\/ul>\n<ul>\n<li><strong>Cookies de personalizaci\u00f3n:<\/strong> Son aqu\u00e9llas que permiten al usuario acceder al servicio con algunas caracter\u00edsticas de car\u00e1cter general predefinidas en funci\u00f3n de una serie de criterios en el terminal del usuario como por ejemplo serian el idioma, el tipo de navegador a trav\u00e9s del cual accede al servicio, la configuraci\u00f3n regional desde donde accede al servicio, etc.<\/li>\n<\/ul>\n<ul>\n<li><strong>Cookies de an\u00e1lisis: <\/strong>Son aqu\u00e9llas que permiten al responsable de las mismas, el seguimiento y an\u00e1lisis del comportamiento de los usuarios de los sitios web a los que est\u00e1n vinculadas. La informaci\u00f3n recogida mediante este tipo de cookies se utiliza en la medici\u00f3n de la actividad de los sitios web, aplicaci\u00f3n o plataforma y para la elaboraci\u00f3n de perfiles de navegaci\u00f3n de los usuarios de dichos sitios, aplicaciones y plataformas, con el fin de introducir mejoras en funci\u00f3n del an\u00e1lisis de los datos de uso que hacen los usuarios del servicio.<\/li>\n<\/ul>\n<ul>\n<li><strong>Cookies publicitarias:<\/strong> Son aqu\u00e9llas que permiten la gesti\u00f3n, de la forma m\u00e1s eficaz posible, de los espacios publicitarios que, en su caso, el editor haya incluido en una p\u00e1gina web, aplicaci\u00f3n o plataforma desde la que presta el servicio solicitado en base a criterios como el contenido editado o la frecuencia en la que se muestran los anuncios.<\/li>\n<\/ul>\n<ul>\n<li><strong>Cookies de publicidad comportamental:<\/strong> Son aqu\u00e9llas que permiten la gesti\u00f3n, de la forma m\u00e1s eficaz posible, de los espacios publicitarios que, en su caso, el editor haya incluido en una p\u00e1gina web, aplicaci\u00f3n o plataforma desde la que presta el servicio solicitado. Estas cookies almacenan informaci\u00f3n del comportamiento de los usuarios obtenida a trav\u00e9s de la observaci\u00f3n continuada de sus h\u00e1bitos de navegaci\u00f3n, lo que permite desarrollar un perfil espec\u00edfico para mostrar publicidad en funci\u00f3n del mismo.<\/li>\n<\/ul>\n<p style=\"text-align: justify;\"><strong>RELACI\u00d3N DE COOKIES EMPLEADAS POR LA ENTIDAD<\/strong><\/p>\n<ul>\n<li><strong>COOKIES PROPIAS<\/strong><\/li>\n<\/ul>\n<table width=\"100%\">\n<tbody>\n<tr>\n<td width=\"25%\"><strong>NOMBRE DE LA COOKIE<\/strong><\/td>\n<td width=\"20%\"><strong>TIPOLOG\u00cdA<\/strong><\/td>\n<td width=\"30%\"><strong>FUNCIONALIDAD<\/strong><\/td>\n<td width=\"25%\"><strong>TIEMPO DE PERMANENCIA EN EL EQUIPO DEL USUARIO<\/strong><\/td>\n<\/tr>\n<tr>\n<td><strong>PHPSESSID<\/strong><\/td>\n<td>Propia, t\u00e9cnica y\u00a0de sesi\u00f3n<\/td>\n<td>Esta cookie es usada por el lenguaje PHP para permitir que las variables de SESI\u00d3N sean guardadas en el servidor web.<\/td>\n<td>La sesi\u00f3n<\/td>\n<\/tr>\n<tr>\n<td><strong>viewed_cookie_policy<\/strong><\/td>\n<td>Propia, persistente y de personalizaci\u00f3n<\/td>\n<td>Cookie de uso interno para el funcionamiento de la visualizaci\u00f3n de la pol\u00edtica de cookies.<\/td>\n<td>2 a\u00f1os desde que se cre\u00f3 inicialmente o se restableci\u00f3.<\/td>\n<\/tr>\n<tr>\n<td><strong>wordpress_test_cookie<\/strong><\/td>\n<td>Propia, t\u00e9cnica y\u00a0de sesi\u00f3n<\/td>\n<td>Cookie <em>usada por el<\/em> gestor de contenidos WordPress comprueba si el navegador tiene las cookies activadas.<\/td>\n<td>La sesi\u00f3n<\/td>\n<\/tr>\n<tr>\n<td><strong>wp-settings-1<\/strong><\/td>\n<td>Propia, t\u00e9cnica y persistente<\/td>\n<td>Cookie de WordPress para personalizar la interface del usuario<\/td>\n<td>2 a\u00f1os desde que se cre\u00f3 inicialmente o se restableci\u00f3.<\/td>\n<\/tr>\n<tr>\n<td><strong>wp-settings-time-1<\/strong><\/td>\n<td>Propia, t\u00e9cnica y persistente<\/td>\n<td>Cookie de WordPress para personalizar la interface del usuario<\/td>\n<td>2 a\u00f1os desde que se cre\u00f3 inicialmente o se restableci\u00f3.<\/td>\n<\/tr>\n<tr>\n<td><strong>wordfence_verifiedHuman<\/strong><\/td>\n<td>Propia, de seguridad y de sesi\u00f3n<\/td>\n<td>Cookie de wordfence para verificar si el visitante es un humano o un bot<\/td>\n<td>1 d\u00eda desde que se cre\u00f3 inicialmente o se restableci\u00f3<\/td>\n<\/tr>\n<\/tbody>\n<\/table>\n<ul>\n<li><strong>COOKIES DE TERCEROS<\/strong><\/li>\n<\/ul>\n<p style=\"text-align: justify;\">El sitio web utiliza <strong><u>GOOGLE ANALYTICS<\/u><\/strong>, un servicio prestado por Google, Inc., que permite analizar el uso que hacen los usuarios del sitio web, con objeto exclusivamente estad\u00edstico.<\/p>\n<p style=\"text-align: justify;\">A estos efectos, Google Analytics utiliza cookies. La informaci\u00f3n que genera la cookie para elaborar la informaci\u00f3n estad\u00edstica ser\u00e1 directamente transmitida y archivada por Google. Para garantizar el anonimato, Google convertir\u00e1 su informaci\u00f3n en an\u00f3nima truncando la direcci\u00f3n IP antes de almacenarla, de forma que Google Analytics no se usa para localizar o recabar informaci\u00f3n personal identificable de los visitantes del sitio. Google solo podr\u00e1 enviar la informaci\u00f3n recabada por Google Analytics a terceros cuanto est\u00e9 legalmente obligado a ello. Con arreglo a las condiciones de prestaci\u00f3n del servicio de Google Analytics, Google no asociar\u00e1 su direcci\u00f3n IP a ning\u00fan otro dato conservado por Google.<\/p>\n<table width=\"100%\">\n<tbody>\n<tr>\n<td width=\"15%\"><strong>NOMBRE DE LA COOKIE<\/strong><\/td>\n<td width=\"20%\"><strong>PROPIETARIO<\/strong><\/td>\n<td width=\"15%\"><strong>TIPOLOG\u00cdA<\/strong><\/td>\n<td width=\"40%\"><strong>FUNCIONALIDAD<\/strong><\/td>\n<td width=\"10%\"><strong>TIEMPO DE PERMANENCIA EN EL EQUIPO DEL USUARIO<\/strong><\/td>\n<\/tr>\n<tr>\n<td><strong>__utma<\/strong><\/td>\n<td>Google Analytics<\/td>\n<td>De terceros, anal\u00edtica y persistente<\/td>\n<td>Esta\u00a0cookie\u00a0genera un ID de usuario \u00fanico y registra la fecha, la primera y la \u00faltima vez que el usuario visti\u00f3 la web. Se utiliza para hacer\u00a0recuento de cuantas veces visita el sitio un usuario\u00a0\u00fanico<\/td>\n<td>2 a\u00f1os desde que se cre\u00f3 inicialmente o se restableci\u00f3.<\/td>\n<\/tr>\n<tr>\n<td><strong>__utmb<\/strong><\/td>\n<td>Google Analytics<\/td>\n<td>De terceros, anal\u00edtica y de sesi\u00f3n<\/td>\n<td>Cookie que nos permite determinar el n\u00famero de veces que un visitante \u00fanico (un navegador espec\u00edfico en un equipo espec\u00edfico) visita el sitio. Se utiliza junto con la cookie __utmc (descrita abajo)<\/td>\n<td>30 minutos desde que se cre\u00f3 inicialmente o se restableci\u00f3.<\/td>\n<\/tr>\n<tr>\n<td><strong>__utmc<\/strong><\/td>\n<td>Google Analytics<\/td>\n<td>De terceros, anal\u00edtica y de sesi\u00f3n<\/td>\n<td>Cookie de\u00a0estado de la sesi\u00f3n\u00a0(abierta o cerrada). Sirve para contabilizar visitas pero esta expira cuando el usuario cierra el navegador.<\/p>\n<p>Se utiliza junto con la\u00a0<em>cookie<\/em>\u00a0_utmb para determinar si transcurridos m\u00e1s de 30 minutos en la misma p\u00e1gina, procede o no establecer una nueva sesi\u00f3n para el usuario. Esta\u00a0<em>cookie<\/em>\u00a0se sigue escribiendo para asegurar la compatibilidad donde est\u00e1 instalado el c\u00f3digo de seguimiento urchin.js.<\/td>\n<td>30 minutos desde que se cre\u00f3 inicialmente o se restableci\u00f3.<\/td>\n<\/tr>\n<tr>\n<td><strong>__utmt<\/strong><\/td>\n<td>Google Analytics<\/td>\n<td>De terceros, anal\u00edtica y de sesi\u00f3n<\/td>\n<td>Cookie que se usa para limitar el porcentaje de solicitudes.<\/td>\n<td>10 minutos<\/td>\n<\/tr>\n<tr>\n<td><strong>__utmz<\/strong><\/td>\n<td>Google Analytics<\/td>\n<td>De terceros, anal\u00edtica y persistente<\/td>\n<td>Cookie que nos permite determinar en qu\u00e9 p\u00e1gina estuvo un navegador inmediatamente antes de visitar cada p\u00e1gina en nuestro sitio. Esto nos permite evaluar la eficacia de los enlaces para ayudar a los usuarios a encontrar la informaci\u00f3n que buscan<\/td>\n<td>6 meses desde que se cre\u00f3 inicialmente o se restableci\u00f3.<\/td>\n<\/tr>\n<\/tbody>\n<\/table>\n<h4>3.- ACEPTACI\u00d3N EXPRESA<\/h4>\n<p style=\"text-align: justify;\">El Usuario acepta expresamente, mediante la navegaci\u00f3n a trav\u00e9s de las diversas secciones de este sitio web, el tratamiento de la informaci\u00f3n recabada en la forma y con los fines anteriormente mencionados. Y asimismo manifiesta conocer la posibilidad de rechazar el tratamiento de tales datos o informaci\u00f3n rechazando el uso de Cookies mediante la selecci\u00f3n de la configuraci\u00f3n apropiada a tal fin en su navegador. Si bien esta opci\u00f3n de bloqueo de Cookies en su navegador puede no permitirle el uso pleno de todas las funcionalidades de nuestro sitio web.<\/p>\n<h4>4.- GESTI\u00d3N DE COOKIES<\/h4>\n<p style=\"text-align: justify;\"><strong>\u00bfQu\u00e9 ocurre si no se permite la instalaci\u00f3n de cookies o si se deshabilitan?<\/strong><\/p>\n<p style=\"text-align: justify;\">Su experiencia en el sitio web podr\u00e1 ser limitada y algunas funcionalidades de los Servicios quedar\u00e1n deshabilitados como, por ejemplo, permanecer identificado.<\/p>\n<p style=\"text-align: justify;\"><strong>\u00bfC\u00f3mo desactivar\/activar las cookies?<\/strong><\/p>\n<p style=\"text-align: justify;\">Para desactivar\/activar cookies del dispositivo, el usuario tendr\u00e1 que hacerlo a trav\u00e9s del navegador de Internet.<\/p>\n<p style=\"text-align: justify;\">Todos los navegadores modernos permiten cambiar la configuraci\u00f3n de Cookies. Estos ajustes normalmente se encuentran en las \u2018opciones\u2019 o \u2018Preferencias\u2019 del men\u00fa de su navegador.<\/p>\n<p style=\"text-align: justify;\">Usted puede habilitar, desactivar, bloquear o eliminar dichas cookies, en cualquier momento, utilizando las herramientas de su navegador web:<\/p>\n<ul>\n<li>Para Internet Explorer, por favor consulte el siguiente enlace <a href=\"https:\/\/support.microsoft.com\/es-es\/products\/internet-explorer\">https:\/\/support.microsoft.com\/es-es\/products\/internet-explorer<\/a><\/li>\n<\/ul>\n<ul>\n<li>Para Mozilla Firefox, por favor consulte el siguiente enlace <a href=\"https:\/\/support.mozilla.org\/en-US\/kb\/cookies-information-websites-store-on-your-computer?redirectlocale=en-US&amp;redirectslug=Cookies\">https:\/\/support.mozilla.org\/en-US\/kb\/cookies-information-websites-store-on-your-computer?redirectlocale=en-US&amp;redirectslug=Cookies<\/a><\/li>\n<\/ul>\n<ul>\n<li>Para Google Chrome, por favor consulte el siguiente enlace https:\/\/support.google.com\/chrome\/answer\/95647?hl=es<\/li>\n<\/ul>\n<p style=\"text-align: justify;\"><strong>\u00bfC\u00f3mo desactivar\/activar las cookies de terceros?<\/strong><\/p>\n<p style=\"text-align: justify;\">Las cookies de terceros no las instalamos nosotros. Por lo tanto sugerimos que el usuario consulte los sitios web de esos terceros para obtener informaci\u00f3n sobre las cookies que instalan y c\u00f3mo se pueden gestionar.<\/p>\n<h4>5.- ACTUALIZACIONES Y CAMBIOS EN LA POL\u00cdTICA DE PRIVACIDAD \/ COOKIES<\/h4>\n<p style=\"text-align: justify;\">La Web puede modificar esta Pol\u00edtica de Cookies en funci\u00f3n de exigencias legislativas, reglamentarias, o con la finalidad de adaptar dicha pol\u00edtica a las instrucciones dictadas por la Agencia Espa\u00f1ola de Protecci\u00f3n de Datos, por ello se aconseja a los Usuarios que la visiten peri\u00f3dicamente.<\/p>\n<p style=\"text-align: justify;\">Cuando se produzcan cambios significativos en esta Pol\u00edtica de Cookies, se comunicar\u00e1n a los Usuarios bien mediante la web o a trav\u00e9s de correo electr\u00f3nico.<\/p>\n<p>[\/vc_column_text]<div class=\"clearboth\"><\/div><div class=\"gem-divider \" style=\"margin-top: 100px;\"><\/div>[\/vc_column][\/vc_row]<\/p>\n","protected":false},"excerpt":{"rendered":"<p>[vc_row][vc_column][vc_column_text css_animation=&#8221;bottom-to-top&#8221;] POL\u00cdTICA DE COOKIES [\/vc_column_text][vc_column_text css_animation=&#8221;bottom-to-top&#8221;] 1.- \u00bfQU\u00c9 ES UNA COOKIE? Una cookie es un archivo o dispositivo que&#8230;<\/p>\n","protected":false},"author":1,"featured_media":0,"parent":0,"menu_order":3,"comment_status":"closed","ping_status":"closed","template":"","meta":{"footnotes":""},"class_list":["post-1322","page","type-page","status-publish"],"_links":{"self":[{"href":"https:\/\/www.nonacapital.es\/es\/wp-json\/wp\/v2\/pages\/1322","targetHints":{"allow":["GET"]}}],"collection":[{"href":"https:\/\/www.nonacapital.es\/es\/wp-json\/wp\/v2\/pages"}],"about":[{"href":"https:\/\/www.nonacapital.es\/es\/wp-json\/wp\/v2\/types\/page"}],"author":[{"embeddable":true,"href":"https:\/\/www.nonacapital.es\/es\/wp-json\/wp\/v2\/users\/1"}],"replies":[{"embeddable":true,"href":"https:\/\/www.nonacapital.es\/es\/wp-json\/wp\/v2\/comments?post=1322"}],"version-history":[{"count":4,"href":"https:\/\/www.nonacapital.es\/es\/wp-json\/wp\/v2\/pages\/1322\/revisions"}],"predecessor-version":[{"id":1326,"href":"https:\/\/www.nonacapital.es\/es\/wp-json\/wp\/v2\/pages\/1322\/revisions\/1326"}],"wp:attachment":[{"href":"https:\/\/www.nonacapital.es\/es\/wp-json\/wp\/v2\/media?parent=1322"}],"curies":[{"name":"wp","href":"https:\/\/api.w.org\/{rel}","templated":true}]}}