{"id":1327,"date":"2021-10-04T15:15:35","date_gmt":"2021-10-04T15:15:35","guid":{"rendered":"https:\/\/www.nonacapital.es\/?page_id=1327"},"modified":"2021-10-11T07:12:21","modified_gmt":"2021-10-11T07:12:21","slug":"tratamiento-datos-personales","status":"publish","type":"page","link":"https:\/\/www.nonacapital.es\/es\/tratamiento-datos-personales\/","title":{"rendered":"Tratamiento Datos Personales Contacto"},"content":{"rendered":"<p>[vc_row][vc_column]<div class=\"clearboth\"><\/div><div class=\"gem-divider \" style=\"margin-top: 60px;\"><\/div>[vc_column_text css_animation=&#8221;bottom-to-top&#8221;]<\/p>\n<div class=\"title-h3\" style=\"text-align: center;\"><span class=\"light\">TRATAMIENTO DE <\/span> DATOS PERSONALES<\/div>\n<p>[\/vc_column_text]<div class=\"clearboth\"><\/div><div class=\"gem-divider \" style=\"margin-top: 60px;\"><\/div>[vc_column_text css_animation=&#8221;bottom-to-top&#8221;]<\/p>\n<p align=\"justify\"><strong>NONA CAPITAL,S.L.U. le informa:<\/strong><\/p>\n<h4>RESPONSABLE DEL TRATAMIENTO DE SUS DATOS<\/h4>\n<p align=\"justify\">La entidad responsable del tratamiento de sus datos es:<\/p>\n<p align=\"justify\"><strong>NONA CAPITAL,S.L.U.<\/strong><br \/>\nC.I.F. B-85034429<br \/>\nDirecci\u00f3n C\/ Conde dePe\u00f1alver,47-1\u00ba<br \/>\n28006 Madrid<\/p>\n<p>Correo electr\u00f3nico de contacto en materia de datos personales: <strong>dataprotection@nonacapital.es<\/strong><\/p>\n<h4>FINALIDAD<\/h4>\n<p align=\"justify\">Sus datos personales ser\u00e1n tratados con la finalidad de gestionar las consultas y sugerencias realizadas, contactando para ello con el usuario a trav\u00e9s de los medios indicados en la solicitud. La informaci\u00f3n requerida es imprescindible para atender su consulta.<br \/>\nEn su caso y si el usuario ha prestado su consentimiento expresamente mediante la cumplimentaci\u00f3n de la casilla correspondiente, los datos personales ser\u00e1n tratados con la finalidad de remitirle, por cualquier medio, comunicaciones comerciales relativas a ofertas y promociones de los productos y servicios de la empresa.<\/p>\n<h4>LEGITIMACI\u00d3N<\/h4>\n<p align=\"justify\">La base jur\u00eddica para el tratamiento de sus datos personales es su consentimiento expreso al rellenar y enviar el formulario correspondiente.<\/p>\n<h4>DESTINATARIOS<\/h4>\n<p align=\"justify\">No se ceden datos personales a terceros salvo obligaci\u00f3n legal.<\/p>\n<h4>DERECHOS<\/h4>\n<p align=\"justify\">Le informamos de que puede ejercitar gratuitamente sus Derechos de Acceso, Rectificaci\u00f3n, Supresi\u00f3n, Oposici\u00f3n y Limitaci\u00f3n al tratamiento de sus datos, as\u00ed como a la portabilidad de los mismos y a no ser objeto de una decisi\u00f3n basada \u00fanicamente en el tratamiento automatizado, incluida la elaboraci\u00f3n de perfiles.<br \/>\nSi usted desea ejercitar cualquiera de los derechos enunciados anteriormente, por favor, p\u00f3ngase en contacto con nosotros a trav\u00e9s del siguiente correo electr\u00f3nico:\u00a0<strong>dataprotection@nonacapital.es<\/strong><\/p>\n<p align=\"justify\">Si desea m\u00e1s informaci\u00f3n sobre nuestra Pol\u00edtica de Privacidad, consulte el siguiente enlace:<\/p>\n<p><a href=\"https:\/\/www.nonacapital.es\/es\/politica-privacidad\/\">https:\/\/www.nonacapital.es\/es\/politica-privacidad\/<\/a>[\/vc_column_text]<div class=\"clearboth\"><\/div><div class=\"gem-divider \" style=\"margin-top: 100px;\"><\/div>[\/vc_column][\/vc_row]<\/p>\n","protected":false},"excerpt":{"rendered":"<p>[vc_row][vc_column][vc_column_text css_animation=&#8221;bottom-to-top&#8221;] TRATAMIENTO DE DATOS PERSONALES [\/vc_column_text][vc_column_text css_animation=&#8221;bottom-to-top&#8221;] NONA CAPITAL,S.L.U. le informa: RESPONSABLE DEL TRATAMIENTO DE SUS DATOS La entidad&#8230;<\/p>\n","protected":false},"author":1,"featured_media":0,"parent":0,"menu_order":3,"comment_status":"closed","ping_status":"closed","template":"","meta":{"footnotes":""},"class_list":["post-1327","page","type-page","status-publish"],"_links":{"self":[{"href":"https:\/\/www.nonacapital.es\/es\/wp-json\/wp\/v2\/pages\/1327","targetHints":{"allow":["GET"]}}],"collection":[{"href":"https:\/\/www.nonacapital.es\/es\/wp-json\/wp\/v2\/pages"}],"about":[{"href":"https:\/\/www.nonacapital.es\/es\/wp-json\/wp\/v2\/types\/page"}],"author":[{"embeddable":true,"href":"https:\/\/www.nonacapital.es\/es\/wp-json\/wp\/v2\/users\/1"}],"replies":[{"embeddable":true,"href":"https:\/\/www.nonacapital.es\/es\/wp-json\/wp\/v2\/comments?post=1327"}],"version-history":[{"count":7,"href":"https:\/\/www.nonacapital.es\/es\/wp-json\/wp\/v2\/pages\/1327\/revisions"}],"predecessor-version":[{"id":1692,"href":"https:\/\/www.nonacapital.es\/es\/wp-json\/wp\/v2\/pages\/1327\/revisions\/1692"}],"wp:attachment":[{"href":"https:\/\/www.nonacapital.es\/es\/wp-json\/wp\/v2\/media?parent=1327"}],"curies":[{"name":"wp","href":"https:\/\/api.w.org\/{rel}","templated":true}]}}