{"id":822,"date":"2021-09-15T12:01:30","date_gmt":"2021-09-15T12:01:30","guid":{"rendered":"http:\/\/localhost\/nonacapital\/web\/?page_id=822"},"modified":"2021-10-10T16:55:57","modified_gmt":"2021-10-10T16:55:57","slug":"nuestros-valores","status":"publish","type":"page","link":"https:\/\/www.nonacapital.es\/es\/nosotros\/nuestros-valores\/","title":{"rendered":"Nuestros Valores"},"content":{"rendered":"<p>[vc_row equal_height=&#8221;yes&#8221;][vc_column][vc_column_text]<\/p>\n<p style=\"text-align: justify;\"><strong>Nona Capital<\/strong> es una plataforma de <strong>gesti\u00f3n de inversiones alternativa y flexible en cr\u00e9dito y real estate<\/strong>, con sede en Espa\u00f1a, y comprometida con la inversi\u00f3n responsable a trav\u00e9s de los principios <strong>ASG<\/strong>, con la misi\u00f3n de crear un impacto positivo en la industria de servicios financieros y en la sociedad en su conjunto.<\/p>\n<p>Trabajamos con clientes ambiciosos que quieren definir el futuro descubriendo oportunidades. Ponemos nuestra extensa experiencia y capacidad de ejecuci\u00f3n para trabajar en equipo con vosotros, para alcanzar unos resultados mejores, m\u00e1s r\u00e1pidos y m\u00e1s sostenibles, haci\u00e9ndolo adem\u00e1s de la manera correcta, que no suele ser f\u00e1cil, pero siempre merece la pena.<\/p>\n<p>Tenemos pasi\u00f3n por los resultados alineados con el \u00e9xito de nuestros clientes, y un compromiso con el m\u00e1s alto nivel de profesionalidad y est\u00e1ndares \u00e9ticos en todo lo que hacemos.[\/vc_column_text][\/vc_column][\/vc_row][vc_row][vc_column][vc_column_text css_animation=&#8221;bottom-to-top&#8221;]<\/p>\n<div class=\"title-h3\" style=\"text-align: center;\">NUESTROS VALORES<\/div>\n<p>[\/vc_column_text][vc_row_inner][vc_column_inner width=&#8221;1\/4&#8243;]<div class=\" cq-flipbox-container cq-rightleft\" data-frontbg=\"#ffffff\" data-backbg=\"#116073\" data-fontcolor=\"\" data-face1=\"cq-flipbox-front\" data-face2=\"cq-flipbox-back\" data-flipdirection=\"rightleft\" data-elementheight=\"400px\" data-avatarsize=\"80\" data-frontcontentcolor=\"#ffffff\" data-backcontentcolor=\"\" data-titlesize=\"\" data-contentsize=\"\" data-contentwidth=\"\" data-iconcolor=\"\" data-iconbg=\"\" data-elementmargin=\"\" data-elementwidth=\"\" data-cardborder=\"\" data-cardbordersize=\"\" data-bordercolor=\"#999\" data-backbuttonbg=\"\" data-backbuttonhoverbg=\"\" data-contentmargintop=\"\" data-cardshape=\"square\" data-frontfullimage=\"https:\/\/www.nonacapital.es\/wp-content\/uploads\/2021\/09\/integridad1.jpg\" data-avatartype=\"none\" data-backfullimage=\"\" data-backavatar=\"none\"><div class=\"cq-flipbox-flipper\"><div class=\"cq-flipbox-item cq-flipbox-front\" onclick=\"\"><div class=\"cq-flipbox-content\"><h4 class=\"cq-flipbox-title\">INTEGRIDAD<\/h4><\/div><\/div><div class=\"cq-flipbox-item cq-flipbox-back\" onclick=\"\"><div class=\"cq-flipbox-content\">&#8220;La mejor manera de saber si puedes confiar en alguien es confiar en \u00e9l&#8221; Ernest Hemingway<\/p>\n<p>Nos mantenemos fieles a los m\u00e1s altos est\u00e1ndares y principios \u00e9ticos, y somos honestos, dignos de confianza, humildes y respetuosos en todas nuestras palabras y acciones.<\/div><\/div><\/div><\/div>[\/vc_column_inner][vc_column_inner width=&#8221;1\/4&#8243;]<div class=\" cq-flipbox-container cq-rightleft\" data-frontbg=\"#ffffff\" data-backbg=\"#116073\" data-fontcolor=\"\" data-face1=\"cq-flipbox-front\" data-face2=\"cq-flipbox-back\" data-flipdirection=\"rightleft\" data-elementheight=\"400px\" data-avatarsize=\"80\" data-frontcontentcolor=\"#ffffff\" data-backcontentcolor=\"\" data-titlesize=\"\" data-contentsize=\"\" data-contentwidth=\"\" data-iconcolor=\"\" data-iconbg=\"\" data-elementmargin=\"\" data-elementwidth=\"\" data-cardborder=\"\" data-cardbordersize=\"\" data-bordercolor=\"#999\" data-backbuttonbg=\"\" data-backbuttonhoverbg=\"\" data-contentmargintop=\"\" data-cardshape=\"square\" data-frontfullimage=\"https:\/\/www.nonacapital.es\/wp-content\/uploads\/2021\/09\/excelencia1.jpg\" data-avatartype=\"none\" data-backfullimage=\"\" data-backavatar=\"none\"><div class=\"cq-flipbox-flipper\"><div class=\"cq-flipbox-item cq-flipbox-front\" onclick=\"\"><div class=\"cq-flipbox-content\"><h4 class=\"cq-flipbox-title\">EXCELENCIA<\/h4><\/div><\/div><div class=\"cq-flipbox-item cq-flipbox-back\" onclick=\"\"><div class=\"cq-flipbox-content\">&#8220;Nosotros mismos sentimos que lo que hacemos es s\u00f3lo una gota en el oc\u00e9ano. Pero el oc\u00e9ano ser\u00eda menos gracias a esa gota que falta&#8221;. Madre Teresa<\/div><\/div><\/div><\/div>[\/vc_column_inner][vc_column_inner width=&#8221;1\/4&#8243;]<div class=\" cq-flipbox-container cq-rightleft\" data-frontbg=\"#ffffff\" data-backbg=\"#116073\" data-fontcolor=\"\" data-face1=\"cq-flipbox-front\" data-face2=\"cq-flipbox-back\" data-flipdirection=\"rightleft\" data-elementheight=\"400px\" data-avatarsize=\"80\" data-frontcontentcolor=\"#ffffff\" data-backcontentcolor=\"\" data-titlesize=\"1.2em\" data-contentsize=\"\" data-contentwidth=\"\" data-iconcolor=\"\" data-iconbg=\"\" data-elementmargin=\"\" data-elementwidth=\"\" data-cardborder=\"\" data-cardbordersize=\"\" data-bordercolor=\"#999\" data-backbuttonbg=\"\" data-backbuttonhoverbg=\"\" data-contentmargintop=\"\" data-cardshape=\"square\" data-frontfullimage=\"https:\/\/www.nonacapital.es\/wp-content\/uploads\/2021\/09\/responsabilidad1.jpg\" data-avatartype=\"none\" data-backfullimage=\"\" data-backavatar=\"none\"><div class=\"cq-flipbox-flipper\"><div class=\"cq-flipbox-item cq-flipbox-front\" onclick=\"\"><div class=\"cq-flipbox-content\"><h4 class=\"cq-flipbox-title\">RESPONSABILIDAD<\/h4><\/div><\/div><div class=\"cq-flipbox-item cq-flipbox-back\" onclick=\"\"><div class=\"cq-flipbox-content\">Asumir la responsabilidad y aceptar la propiedad de nuestras palabras, acciones, tareas y resultados, esperando de los dem\u00e1s el mismo nivel de respeto.<\/div><\/div><\/div><\/div>[\/vc_column_inner][vc_column_inner width=&#8221;1\/4&#8243;]<div class=\" cq-flipbox-container cq-rightleft\" data-frontbg=\"#ffffff\" data-backbg=\"#116073\" data-fontcolor=\"\" data-face1=\"cq-flipbox-front\" data-face2=\"cq-flipbox-back\" data-flipdirection=\"rightleft\" data-elementheight=\"400px\" data-avatarsize=\"80\" data-frontcontentcolor=\"#ffffff\" data-backcontentcolor=\"\" data-titlesize=\"\" data-contentsize=\"\" data-contentwidth=\"\" data-iconcolor=\"\" data-iconbg=\"\" data-elementmargin=\"\" data-elementwidth=\"\" data-cardborder=\"\" data-cardbordersize=\"\" data-bordercolor=\"#999\" data-backbuttonbg=\"\" data-backbuttonhoverbg=\"\" data-contentmargintop=\"\" data-cardshape=\"square\" data-frontfullimage=\"https:\/\/www.nonacapital.es\/wp-content\/uploads\/2021\/09\/diligencia1.jpg\" data-avatartype=\"none\" data-backfullimage=\"\" data-backavatar=\"none\"><div class=\"cq-flipbox-flipper\"><div class=\"cq-flipbox-item cq-flipbox-front\" onclick=\"\"><div class=\"cq-flipbox-content\"><h4 class=\"cq-flipbox-title\">DILIGENCIA<\/h4><\/div><\/div><div class=\"cq-flipbox-item cq-flipbox-back\" onclick=\"\"><div class=\"cq-flipbox-content\">&#8220;La diligencia hace r\u00e1pidamente lo que la inteligencia ha pensado con calma&#8221;. Baltasar Graci\u00e1n<\/div><\/div><\/div><\/div>[\/vc_column_inner][\/vc_row_inner][vc_row_inner][vc_column_inner width=&#8221;1\/4&#8243;]<div class=\" cq-flipbox-container cq-rightleft\" data-frontbg=\"#ffffff\" data-backbg=\"#116073\" data-fontcolor=\"\" data-face1=\"cq-flipbox-front\" data-face2=\"cq-flipbox-back\" data-flipdirection=\"rightleft\" data-elementheight=\"400px\" data-avatarsize=\"80\" data-frontcontentcolor=\"#ffffff\" data-backcontentcolor=\"\" data-titlesize=\"\" data-contentsize=\"\" data-contentwidth=\"\" data-iconcolor=\"\" data-iconbg=\"\" data-elementmargin=\"\" data-elementwidth=\"\" data-cardborder=\"\" data-cardbordersize=\"\" data-bordercolor=\"#999\" data-backbuttonbg=\"\" data-backbuttonhoverbg=\"\" data-contentmargintop=\"\" data-cardshape=\"square\" data-frontfullimage=\"https:\/\/www.nonacapital.es\/wp-content\/uploads\/2021\/09\/emprendedor1.jpg\" data-avatartype=\"none\" data-backfullimage=\"\" data-backavatar=\"none\"><div class=\"cq-flipbox-flipper\"><div class=\"cq-flipbox-item cq-flipbox-front\" onclick=\"\"><div class=\"cq-flipbox-content\"><h4 class=\"cq-flipbox-title\">ESPIRITU EMPRENDEDOR<\/h4><\/div><\/div><div class=\"cq-flipbox-item cq-flipbox-back\" onclick=\"\"><div class=\"cq-flipbox-content\">&#8220;Siguiendo la luz del sol, dejamos el viejo mundo&#8221;. Crist\u00f3bal Col\u00f3n<\/div><\/div><\/div><\/div>[\/vc_column_inner][vc_column_inner width=&#8221;1\/4&#8243;]<div class=\" cq-flipbox-container cq-rightleft\" data-frontbg=\"#ffffff\" data-backbg=\"#116073\" data-fontcolor=\"\" data-face1=\"cq-flipbox-front\" data-face2=\"cq-flipbox-back\" data-flipdirection=\"rightleft\" data-elementheight=\"400px\" data-avatarsize=\"80\" data-frontcontentcolor=\"#ffffff\" data-backcontentcolor=\"\" data-titlesize=\"\" data-contentsize=\"\" data-contentwidth=\"\" data-iconcolor=\"\" data-iconbg=\"\" data-elementmargin=\"\" data-elementwidth=\"\" data-cardborder=\"\" data-cardbordersize=\"\" data-bordercolor=\"#999\" data-backbuttonbg=\"\" data-backbuttonhoverbg=\"\" data-contentmargintop=\"\" data-cardshape=\"square\" data-frontfullimage=\"https:\/\/www.nonacapital.es\/wp-content\/uploads\/2021\/09\/perseverancia1.jpg\" data-avatartype=\"none\" data-backfullimage=\"\" data-backavatar=\"none\"><div class=\"cq-flipbox-flipper\"><div class=\"cq-flipbox-item cq-flipbox-front\" onclick=\"\"><div class=\"cq-flipbox-content\"><h4 class=\"cq-flipbox-title\">PERSEVERANCIA<\/h4><\/div><\/div><div class=\"cq-flipbox-item cq-flipbox-back\" onclick=\"\"><div class=\"cq-flipbox-content\">&#8220;Para hacerlo posible, intenta una y otra vez lo imposible&#8221;. Herman Hesse<\/div><\/div><\/div><\/div>[\/vc_column_inner][vc_column_inner width=&#8221;1\/4&#8243;]<div class=\" cq-flipbox-container cq-rightleft\" data-frontbg=\"#ffffff\" data-backbg=\"#116073\" data-fontcolor=\"\" data-face1=\"cq-flipbox-front\" data-face2=\"cq-flipbox-back\" data-flipdirection=\"rightleft\" data-elementheight=\"400px\" data-avatarsize=\"80\" data-frontcontentcolor=\"#ffffff\" data-backcontentcolor=\"\" data-titlesize=\"\" data-contentsize=\"\" data-contentwidth=\"\" data-iconcolor=\"\" data-iconbg=\"\" data-elementmargin=\"\" data-elementwidth=\"\" data-cardborder=\"\" data-cardbordersize=\"\" data-bordercolor=\"#999\" data-backbuttonbg=\"\" data-backbuttonhoverbg=\"\" data-contentmargintop=\"\" data-cardshape=\"square\" data-frontfullimage=\"https:\/\/www.nonacapital.es\/wp-content\/uploads\/2021\/09\/independencia1.jpg\" data-avatartype=\"none\" data-backfullimage=\"\" data-backavatar=\"none\"><div class=\"cq-flipbox-flipper\"><div class=\"cq-flipbox-item cq-flipbox-front\" onclick=\"\"><div class=\"cq-flipbox-content\"><h4 class=\"cq-flipbox-title\">INDEPENDENCIA<\/h4><\/div><\/div><div class=\"cq-flipbox-item cq-flipbox-back\" onclick=\"\"><div class=\"cq-flipbox-content\">&#8220;Si no vives como piensas, corres el riesgo de terminar pensando como vives&#8221;. Gabriel Marcel<\/div><\/div><\/div><\/div>[\/vc_column_inner][vc_column_inner width=&#8221;1\/4&#8243;]<div class=\" cq-flipbox-container cq-rightleft\" data-frontbg=\"#ffffff\" data-backbg=\"#116073\" data-fontcolor=\"\" data-face1=\"cq-flipbox-front\" data-face2=\"cq-flipbox-back\" data-flipdirection=\"rightleft\" data-elementheight=\"400px\" data-avatarsize=\"80\" data-frontcontentcolor=\"#ffffff\" data-backcontentcolor=\"\" data-titlesize=\"\" data-contentsize=\"\" data-contentwidth=\"\" data-iconcolor=\"\" data-iconbg=\"\" data-elementmargin=\"\" data-elementwidth=\"\" data-cardborder=\"\" data-cardbordersize=\"\" data-bordercolor=\"#999\" data-backbuttonbg=\"\" data-backbuttonhoverbg=\"\" data-contentmargintop=\"\" data-cardshape=\"square\" data-frontfullimage=\"https:\/\/www.nonacapital.es\/wp-content\/uploads\/2021\/09\/coraje1.jpg\" data-avatartype=\"none\" data-backfullimage=\"\" data-backavatar=\"none\"><div class=\"cq-flipbox-flipper\"><div class=\"cq-flipbox-item cq-flipbox-front\" onclick=\"\"><div class=\"cq-flipbox-content\"><h4 class=\"cq-flipbox-title\">CORAJE<\/h4><\/div><\/div><div class=\"cq-flipbox-item cq-flipbox-back\" onclick=\"\"><div class=\"cq-flipbox-content\">&#8220;Nunca podr\u00e1s cruzar el Oc\u00e9ano, a menos que tengas el valor de perder de vista la orilla&#8221;. Crist\u00f3bal Col\u00f3n<\/div><\/div><\/div><\/div>[\/vc_column_inner][\/vc_row_inner]<div class=\"clearboth\"><\/div><div class=\"gem-divider \" style=\"margin-top: 90px;\"><\/div><div class=\"clearboth\"><\/div><div class=\"gem-divider \" style=\"margin-top: 90px;\"><\/div>[\/vc_column][\/vc_row]<\/p>\n","protected":false},"excerpt":{"rendered":"<p>[vc_row equal_height=&#8221;yes&#8221;][vc_column][vc_column_text] Nona Capital es una plataforma de gesti\u00f3n de inversiones alternativa y flexible en cr\u00e9dito y real estate, con&#8230;<\/p>\n","protected":false},"author":1,"featured_media":0,"parent":819,"menu_order":-1,"comment_status":"closed","ping_status":"closed","template":"","meta":{"footnotes":""},"class_list":["post-822","page","type-page","status-publish"],"_links":{"self":[{"href":"https:\/\/www.nonacapital.es\/es\/wp-json\/wp\/v2\/pages\/822","targetHints":{"allow":["GET"]}}],"collection":[{"href":"https:\/\/www.nonacapital.es\/es\/wp-json\/wp\/v2\/pages"}],"about":[{"href":"https:\/\/www.nonacapital.es\/es\/wp-json\/wp\/v2\/types\/page"}],"author":[{"embeddable":true,"href":"https:\/\/www.nonacapital.es\/es\/wp-json\/wp\/v2\/users\/1"}],"replies":[{"embeddable":true,"href":"https:\/\/www.nonacapital.es\/es\/wp-json\/wp\/v2\/comments?post=822"}],"version-history":[{"count":70,"href":"https:\/\/www.nonacapital.es\/es\/wp-json\/wp\/v2\/pages\/822\/revisions"}],"predecessor-version":[{"id":1609,"href":"https:\/\/www.nonacapital.es\/es\/wp-json\/wp\/v2\/pages\/822\/revisions\/1609"}],"up":[{"embeddable":true,"href":"https:\/\/www.nonacapital.es\/es\/wp-json\/wp\/v2\/pages\/819"}],"wp:attachment":[{"href":"https:\/\/www.nonacapital.es\/es\/wp-json\/wp\/v2\/media?parent=822"}],"curies":[{"name":"wp","href":"https:\/\/api.w.org\/{rel}","templated":true}]}}